{"id":95,"date":"2023-04-12T12:50:46","date_gmt":"2023-04-12T12:50:46","guid":{"rendered":"https:\/\/newwebsite.linguamed.hu\/?page_id=95"},"modified":"2024-05-29T13:10:51","modified_gmt":"2024-05-29T13:10:51","slug":"koszonjuk-ajanlatkereset","status":"publish","type":"page","link":"http:\/\/linguamed.hu\/en\/koszonjuk-ajanlatkereset\/","title":{"rendered":"Aj\u00e1nlatk\u00e9r\u00e9s &#8211; k\u00f6sz\u00f6nj\u00fck"},"content":{"rendered":"<p>[et_pb_section fb_built=&#8221;1&#8243; _builder_version=&#8221;4.20.4&#8243; _module_preset=&#8221;default&#8221; global_colors_info=&#8221;{}&#8221;][et_pb_row _builder_version=&#8221;4.20.4&#8243; _module_preset=&#8221;default&#8221; global_colors_info=&#8221;{}&#8221;][et_pb_column type=&#8221;4_4&#8243; _builder_version=&#8221;4.20.4&#8243; _module_preset=&#8221;default&#8221; global_colors_info=&#8221;{}&#8221;][et_pb_blurb use_icon=&#8221;on&#8221; font_icon=&#8221;&#xf658;||fa||900&#8243; _builder_version=&#8221;4.20.4&#8243; _module_preset=&#8221;default&#8221; hover_enabled=&#8221;0&#8243; global_colors_info=&#8221;{}&#8221; icon_color=&#8221;#2ea3f2&#8243; sticky_enabled=&#8221;0&#8243;][\/et_pb_blurb][et_pb_text _builder_version=&#8221;4.20.4&#8243; _module_preset=&#8221;default&#8221; text_font_size=&#8221;22px&#8221; global_colors_info=&#8221;{}&#8221;]<\/p>\n<p style=\"text-align: center;\">K\u00f6sz\u00f6nj\u00fck aj\u00e1nlatk\u00e9r\u00e9s\u00e9t! Munkat\u00e1rsunk hamarosan felveszi \u00d6nnel a kapcsolatot.<\/p>\n<p>[\/et_pb_text][\/et_pb_column][\/et_pb_row][\/et_pb_section][et_pb_section fb_built=&#8221;1&#8243; _builder_version=&#8221;4.20.4&#8243; _module_preset=&#8221;default&#8221; custom_margin=&#8221;-165px|||||&#8221; global_colors_info=&#8221;{}&#8221; theme_builder_area=&#8221;post_content&#8221; custom_padding=&#8221;119px|||||&#8221;][et_pb_row _builder_version=&#8221;4.20.4&#8243; _module_preset=&#8221;default&#8221; global_colors_info=&#8221;{}&#8221; theme_builder_area=&#8221;post_content&#8221;][et_pb_column type=&#8221;4_4&#8243; _builder_version=&#8221;4.20.4&#8243; _module_preset=&#8221;default&#8221; global_colors_info=&#8221;{}&#8221; theme_builder_area=&#8221;post_content&#8221;][et_pb_text _builder_version=&#8221;4.20.4&#8243; _module_preset=&#8221;default&#8221; global_colors_info=&#8221;{}&#8221; theme_builder_area=&#8221;post_content&#8221;]<\/p>\n<h2 style=\"text-align: center;\">Mi t\u00f6rt\u00e9nik az aj\u00e1nlatk\u00e9r\u00e9s elk\u00fcld\u00e9se ut\u00e1n?<\/h2>\n<p>[\/et_pb_text][\/et_pb_column][\/et_pb_row][et_pb_row column_structure=&#8221;1_3,1_3,1_3&#8243; _builder_version=&#8221;4.20.4&#8243; _module_preset=&#8221;default&#8221; global_colors_info=&#8221;{}&#8221; theme_builder_area=&#8221;post_content&#8221;][et_pb_column type=&#8221;1_3&#8243; _builder_version=&#8221;4.20.4&#8243; _module_preset=&#8221;default&#8221; global_colors_info=&#8221;{}&#8221; theme_builder_area=&#8221;post_content&#8221;][et_pb_blurb title=&#8221;FELDOLGOZ\u00c1S&#8221; use_icon=&#8221;on&#8221; font_icon=&#8221;&#xe101;||divi||400&#8243; icon_color=&#8221;#2ea3f2&#8243; image_icon_width=&#8221;60px&#8221; _builder_version=&#8221;4.20.4&#8243; _module_preset=&#8221;default&#8221; header_text_align=&#8221;center&#8221; header_font_size=&#8221;22px&#8221; body_text_align=&#8221;center&#8221; child_mix_blend_mode=&#8221;color-burn&#8221; border_width_all_image=&#8221;3px&#8221; border_style_all_image=&#8221;none&#8221; border_width_left_image=&#8221;4px&#8221; global_colors_info=&#8221;{}&#8221; theme_builder_area=&#8221;post_content&#8221;]<\/p>\n<p style=\"text-align: center;\">Az aj\u00e1nlatk\u00e9r\u00e9sre k\u00fcld\u00f6tt dokumentumokat feldolgozzuk \u00e9s elemezz\u00fck a pontos sz\u00f3sz\u00e1m \u00e9s hat\u00e1rid\u0151 meghat\u00e1roz\u00e1s\u00e1hoz.<\/p>\n<p>[\/et_pb_blurb][\/et_pb_column][et_pb_column type=&#8221;1_3&#8243; _builder_version=&#8221;4.20.4&#8243; _module_preset=&#8221;default&#8221; global_colors_info=&#8221;{}&#8221; theme_builder_area=&#8221;post_content&#8221;][et_pb_blurb title=&#8221;EGYEZTET\u00c9S&#8221; use_icon=&#8221;on&#8221; font_icon=&#8221;&#xe08b;||divi||400&#8243; icon_color=&#8221;#2ea3f2&#8243; image_icon_width=&#8221;60px&#8221; _builder_version=&#8221;4.20.4&#8243; _module_preset=&#8221;default&#8221; header_text_align=&#8221;center&#8221; header_font_size=&#8221;22px&#8221; body_text_align=&#8221;center&#8221; child_mix_blend_mode=&#8221;color-burn&#8221; border_width_all_image=&#8221;3px&#8221; border_style_all_image=&#8221;none&#8221; border_width_left_image=&#8221;4px&#8221; global_colors_info=&#8221;{}&#8221; theme_builder_area=&#8221;post_content&#8221;]<\/p>\n<p style=\"text-align: center;\">Amennyiben k\u00e9rd\u00e9s\u00fcnk van az aj\u00e1nlatk\u00e9r\u00e9ssel kapcsolatban, felvessz\u00fck \u00d6nnel a kapcsolatot e-mailben vagy telefonon, \u00e9s egyeztetj\u00fck a r\u00e9szleteket.<\/p>\n<p>[\/et_pb_blurb][\/et_pb_column][et_pb_column type=&#8221;1_3&#8243; _builder_version=&#8221;4.20.4&#8243; _module_preset=&#8221;default&#8221; global_colors_info=&#8221;{}&#8221; theme_builder_area=&#8221;post_content&#8221;][et_pb_blurb title=&#8221;\u00c1RAJ\u00c1NLAT ELK\u00dcLD\u00c9SE&#8221; use_icon=&#8221;on&#8221; font_icon=&#8221;&#xf658;||fa||900&#8243; icon_color=&#8221;#2ea3f2&#8243; image_icon_width=&#8221;60px&#8221; _builder_version=&#8221;4.20.4&#8243; _module_preset=&#8221;default&#8221; header_text_align=&#8221;center&#8221; header_font_size=&#8221;22px&#8221; body_text_align=&#8221;center&#8221; child_mix_blend_mode=&#8221;color-burn&#8221; border_width_all_image=&#8221;3px&#8221; border_style_all_image=&#8221;none&#8221; border_width_left_image=&#8221;4px&#8221; global_colors_info=&#8221;{}&#8221; theme_builder_area=&#8221;post_content&#8221;]<\/p>\n<p style=\"text-align: center;\">A kapott inform\u00e1ci\u00f3k alapj\u00e1n elk\u00e9sz\u00edtj\u00fck a r\u00e9szletes \u00e1raj\u00e1nlatot, amelyet e-mailben k\u00fcld\u00fcnk el.<\/p>\n<p>[\/et_pb_blurb][\/et_pb_column][\/et_pb_row][\/et_pb_section]<\/p>\n","protected":false},"excerpt":{"rendered":"<p>K\u00f6sz\u00f6nj\u00fck aj\u00e1nlatk\u00e9r\u00e9s\u00e9t! Munkat\u00e1rsunk hamarosan felveszi \u00d6nnel a kapcsolatot.Mi t\u00f6rt\u00e9nik az aj\u00e1nlatk\u00e9r\u00e9s elk\u00fcld\u00e9se ut\u00e1n?Az aj\u00e1nlatk\u00e9r\u00e9sre k\u00fcld\u00f6tt dokumentumokat feldolgozzuk \u00e9s elemezz\u00fck a pontos sz\u00f3sz\u00e1m \u00e9s hat\u00e1rid\u0151 meghat\u00e1roz\u00e1s\u00e1hoz.Amennyiben k\u00e9rd\u00e9s\u00fcnk van az aj\u00e1nlatk\u00e9r\u00e9ssel kapcsolatban, felvessz\u00fck \u00d6nnel a kapcsolatot e-mailben vagy telefonon, \u00e9s egyeztetj\u00fck a r\u00e9szleteket.A kapott inform\u00e1ci\u00f3k alapj\u00e1n elk\u00e9sz\u00edtj\u00fck a r\u00e9szletes \u00e1raj\u00e1nlatot, amelyet e-mailben k\u00fcld\u00fcnk el.<\/p>","protected":false},"author":1,"featured_media":0,"parent":0,"menu_order":0,"comment_status":"closed","ping_status":"closed","template":"","meta":{"_et_pb_use_builder":"on","_et_pb_old_content":"","_et_gb_content_width":"","footnotes":""},"class_list":["post-95","page","type-page","status-publish","hentry"],"_links":{"self":[{"href":"http:\/\/linguamed.hu\/en\/wp-json\/wp\/v2\/pages\/95","targetHints":{"allow":["GET"]}}],"collection":[{"href":"http:\/\/linguamed.hu\/en\/wp-json\/wp\/v2\/pages"}],"about":[{"href":"http:\/\/linguamed.hu\/en\/wp-json\/wp\/v2\/types\/page"}],"author":[{"embeddable":true,"href":"http:\/\/linguamed.hu\/en\/wp-json\/wp\/v2\/users\/1"}],"replies":[{"embeddable":true,"href":"http:\/\/linguamed.hu\/en\/wp-json\/wp\/v2\/comments?post=95"}],"version-history":[{"count":5,"href":"http:\/\/linguamed.hu\/en\/wp-json\/wp\/v2\/pages\/95\/revisions"}],"predecessor-version":[{"id":507,"href":"http:\/\/linguamed.hu\/en\/wp-json\/wp\/v2\/pages\/95\/revisions\/507"}],"wp:attachment":[{"href":"http:\/\/linguamed.hu\/en\/wp-json\/wp\/v2\/media?parent=95"}],"curies":[{"name":"wp","href":"https:\/\/api.w.org\/{rel}","templated":true}]}}