{"id":57,"date":"2023-04-12T09:44:06","date_gmt":"2023-04-12T09:44:06","guid":{"rendered":"https:\/\/newwebsite.linguamed.hu\/?page_id=57"},"modified":"2023-04-12T09:44:39","modified_gmt":"2023-04-12T09:44:39","slug":"cookie-szabalyzat","status":"publish","type":"page","link":"http:\/\/linguamed.hu\/en\/cookie-szabalyzat\/","title":{"rendered":"Cookie Policy"},"content":{"rendered":"<p>[et_pb_section fb_built=&#8221;1&#8243; theme_builder_area=&#8221;post_content&#8221; _builder_version=&#8221;4.20.4&#8243; _module_preset=&#8221;default&#8221;][et_pb_row _builder_version=&#8221;4.20.4&#8243; _module_preset=&#8221;default&#8221; theme_builder_area=&#8221;post_content&#8221;][et_pb_column _builder_version=&#8221;4.20.4&#8243; _module_preset=&#8221;default&#8221; type=&#8221;4_4&#8243; theme_builder_area=&#8221;post_content&#8221;][et_pb_text _builder_version=&#8221;4.20.4&#8243; _module_preset=&#8221;default&#8221; theme_builder_area=&#8221;post_content&#8221; hover_enabled=&#8221;0&#8243; sticky_enabled=&#8221;0&#8243;]<\/p>\n<h1 style=\"text-align: center;\">Cookie szab\u00e1lyzat<\/h1>\n<p>[\/et_pb_text][\/et_pb_column][\/et_pb_row][et_pb_row _builder_version=&#8221;4.20.4&#8243; _module_preset=&#8221;default&#8221; theme_builder_area=&#8221;post_content&#8221;][et_pb_column _builder_version=&#8221;4.20.4&#8243; _module_preset=&#8221;default&#8221; type=&#8221;4_4&#8243; theme_builder_area=&#8221;post_content&#8221;][et_pb_text _builder_version=&#8221;4.20.4&#8243; _module_preset=&#8221;default&#8221; theme_builder_area=&#8221;post_content&#8221; hover_enabled=&#8221;0&#8243; sticky_enabled=&#8221;0&#8243;]<\/p>\n<div><span><strong>Mik azok a cookie-k (s\u00fctik):<\/strong><\/span><\/div>\n<p><span>A cookie-k kism\u00e9ret\u0171 sz\u00f6vegf\u00e1jlok, amelyeket a weboldalak a felhaszn\u00e1l\u00f3k sz\u00e1m\u00edt\u00f3g\u00e9p\u00e9nek merevlemez\u00e9n t\u00e1rolnak.<\/span><\/p>\n<p><span><strong>Weboldalunkon cookie-kat haszn\u00e1lunk:<\/strong><\/span><\/p>\n<p><span>A magasabb \u00e9lm\u00e9nyfokoz\u00e1s c\u00e9lj\u00e1b\u00f3l, weboldalunkon cookie-kat haszn\u00e1lunk. A s\u00fctik haszn\u00e1lata sor\u00e1n nem gy\u0171jt\u00fcnk \u00f6ssze olyan inform\u00e1ci\u00f3kat, melyekkel szem\u00e9lyesen beazonos\u00edthatn\u00e1nk \u00d6nt. Weboldalunk haszn\u00e1lat\u00e1val, \u00d6n minden alkalommal elfogadja weboldalunk cookie haszn\u00e1lat\u00e1val kapcsolatos szab\u00e1lyait.<\/span><\/p>\n<p><span><strong>A cookie-k enged\u00e9lyez\u00e9se \u00e9s letilt\u00e1sa, azok elt\u00e1vol\u00edt\u00e1sa:<\/strong><\/span><\/p>\n<p><span>Amennyiben tov\u00e1bbi inform\u00e1ci\u00f3t szeretne tudni a s\u00fctik haszn\u00e1lat\u00e1r\u00f3l, k\u00e9rj\u00fck n\u00e9zze meg az \u00d6n \u00e1ltal haszn\u00e1lt b\u00f6ng\u00e9sz\u0151 S\u00fag\u00f3 funkci\u00f3j\u00e1t. Az \u00d6n \u00e1ltal haszn\u00e1lt b\u00f6ng\u00e9sz\u0151ben \u00d6n be\u00e1ll\u00edthatja a cookie-kal kapcsolatos ig\u00e9nyeit.<\/span><\/p>\n<ul>\n<li><span><a href=\"https:\/\/support.google.com\/accounts\/answer\/61416?hl=hu\" target=\"_blank\" rel=\"noopener\">Google Chrome<\/a><\/span><\/li>\n<li><span><a href=\"https:\/\/support.mozilla.org\/hu\/kb\/S%C3%BCtik%20kezel%C3%A9se\" target=\"_blank\" rel=\"noopener\">Firefox<\/a><\/span><\/li>\n<li><span><a href=\"http:\/\/windows.microsoft.com\/hu-hu\/internet-explorer\/delete-manage-cookies#ie=ie-11\" target=\"_blank\" rel=\"noopener\">Microsoft Internet Explorer 11<\/a><\/span><\/li>\n<\/ul>\n<p><span><strong>Cookie szab\u00e1lyzatunkkal kapcsolatos \u00e9szrev\u00e9teleivel, k\u00e9rd\u00e9seivel kapcsolatban az al\u00e1bbi el\u00e9rhet\u0151s\u00e9geken veheti fel vel\u00fcnk a kapcsolatot:<\/strong><\/span><\/p>\n<ul>\n<li><span><span id=\"cloaka83b22df4245d4eef6be38a4b468074c\"><a href=\"mailto:info@linguamed.hu\">info@linguamed.hu<\/a><\/span><\/span><\/li>\n<li><span>+36 20 395 3625<\/span><\/li>\n<\/ul>\n<p><span>K\u00e9rj\u00fck olvassa el\u00a0<\/span><a href=\"http:\/\/linguamed.hu\/hu\/aszf\">\u00c1ltal\u00e1nos Szerz\u0151d\u00e9si Felt\u00e9teleinket<\/a><span>\u00a0\u00e9s\u00a0<\/span><a href=\"http:\/\/linguamed.hu\/hu\/adatkezelesi-iranyelvek\">Adatkezel\u00e9si ir\u00e1nyelv\u00fcnket<\/a><span>\u00a0is.<\/span><\/p>\n<p>[\/et_pb_text][\/et_pb_column][\/et_pb_row][\/et_pb_section]<\/p>\n","protected":false},"excerpt":{"rendered":"<p>Cookie szab\u00e1lyzatMik azok a cookie-k (s\u00fctik): A cookie-k kism\u00e9ret\u0171 sz\u00f6vegf\u00e1jlok, amelyeket a weboldalak a felhaszn\u00e1l\u00f3k sz\u00e1m\u00edt\u00f3g\u00e9p\u00e9nek merevlemez\u00e9n t\u00e1rolnak. Weboldalunkon cookie-kat haszn\u00e1lunk: A magasabb \u00e9lm\u00e9nyfokoz\u00e1s c\u00e9lj\u00e1b\u00f3l, weboldalunkon cookie-kat haszn\u00e1lunk. A s\u00fctik haszn\u00e1lata sor\u00e1n nem gy\u0171jt\u00fcnk \u00f6ssze olyan inform\u00e1ci\u00f3kat, melyekkel szem\u00e9lyesen beazonos\u00edthatn\u00e1nk \u00d6nt. Weboldalunk haszn\u00e1lat\u00e1val, \u00d6n minden alkalommal elfogadja weboldalunk cookie haszn\u00e1lat\u00e1val kapcsolatos szab\u00e1lyait. A cookie-k enged\u00e9lyez\u00e9se [&hellip;]<\/p>\n","protected":false},"author":1,"featured_media":0,"parent":0,"menu_order":0,"comment_status":"closed","ping_status":"closed","template":"","meta":{"_et_pb_use_builder":"on","_et_pb_old_content":"","_et_gb_content_width":"","footnotes":""},"class_list":["post-57","page","type-page","status-publish","hentry"],"_links":{"self":[{"href":"http:\/\/linguamed.hu\/en\/wp-json\/wp\/v2\/pages\/57","targetHints":{"allow":["GET"]}}],"collection":[{"href":"http:\/\/linguamed.hu\/en\/wp-json\/wp\/v2\/pages"}],"about":[{"href":"http:\/\/linguamed.hu\/en\/wp-json\/wp\/v2\/types\/page"}],"author":[{"embeddable":true,"href":"http:\/\/linguamed.hu\/en\/wp-json\/wp\/v2\/users\/1"}],"replies":[{"embeddable":true,"href":"http:\/\/linguamed.hu\/en\/wp-json\/wp\/v2\/comments?post=57"}],"version-history":[{"count":3,"href":"http:\/\/linguamed.hu\/en\/wp-json\/wp\/v2\/pages\/57\/revisions"}],"predecessor-version":[{"id":60,"href":"http:\/\/linguamed.hu\/en\/wp-json\/wp\/v2\/pages\/57\/revisions\/60"}],"wp:attachment":[{"href":"http:\/\/linguamed.hu\/en\/wp-json\/wp\/v2\/media?parent=57"}],"curies":[{"name":"wp","href":"https:\/\/api.w.org\/{rel}","templated":true}]}}