{"id":52,"date":"2023-04-12T09:40:25","date_gmt":"2023-04-12T09:40:25","guid":{"rendered":"https:\/\/newwebsite.linguamed.hu\/?page_id=52"},"modified":"2025-07-09T10:11:22","modified_gmt":"2025-07-09T10:11:22","slug":"impresszum","status":"publish","type":"page","link":"http:\/\/linguamed.hu\/en\/impresszum\/","title":{"rendered":"Impressum"},"content":{"rendered":"<p>[et_pb_section fb_built=&#8221;1&#8243; _builder_version=&#8221;4.20.4&#8243; _module_preset=&#8221;default&#8221; global_colors_info=&#8221;{}&#8221;][et_pb_row _builder_version=&#8221;4.20.4&#8243; _module_preset=&#8221;default&#8221; global_colors_info=&#8221;{}&#8221;][et_pb_column type=&#8221;4_4&#8243; _builder_version=&#8221;4.20.4&#8243; _module_preset=&#8221;default&#8221; global_colors_info=&#8221;{}&#8221;][et_pb_text _builder_version=&#8221;4.20.4&#8243; _module_preset=&#8221;default&#8221; global_colors_info=&#8221;{}&#8221;]<\/p>\n<h1 style=\"text-align: center;\">Impresszum<\/h1>\n<p>[\/et_pb_text][\/et_pb_column][\/et_pb_row][et_pb_row _builder_version=&#8221;4.20.4&#8243; _module_preset=&#8221;default&#8221; global_colors_info=&#8221;{}&#8221;][et_pb_column type=&#8221;4_4&#8243; _builder_version=&#8221;4.20.4&#8243; _module_preset=&#8221;default&#8221; global_colors_info=&#8221;{}&#8221;][et_pb_text _builder_version=&#8221;4.20.4&#8243; _module_preset=&#8221;default&#8221; custom_margin=&#8221;||37px|||&#8221; global_colors_info=&#8221;{}&#8221;]<\/p>\n<p><strong>A weboldal tulajdonosa \u00e9s \u00fczemeltet\u0151je:<\/strong><\/p>\n<p>[\/et_pb_text][et_pb_text _builder_version=&#8221;4.25.1&#8243; _module_preset=&#8221;default&#8221; hover_enabled=&#8221;0&#8243; global_colors_info=&#8221;{}&#8221; sticky_enabled=&#8221;0&#8243;]<\/p>\n<table border=\"0\" style=\"width: 100%; border-collapse: collapse; border-style: hidden;\">\n<tbody>\n<tr>\n<td style=\"width: 50%;\">C\u00e9gn\u00e9v:<\/td>\n<td style=\"width: 50%;\">LinguaMED 2001 Kft.<\/td>\n<\/tr>\n<tr>\n<td style=\"width: 50%;\">Sz\u00e9khely:<\/td>\n<td style=\"width: 50%;\">2330 Dunaharaszti, F\u0151 \u00fat 162.<\/td>\n<\/tr>\n<tr>\n<td style=\"width: 50%;\">Ad\u00f3sz\u00e1m:<\/td>\n<td style=\"width: 50%;\">12769085-2-13<\/td>\n<\/tr>\n<tr>\n<td style=\"width: 50%;\">C\u00e9gjegyz\u00e9ksz\u00e1m:<\/td>\n<td style=\"width: 50%;\">13-09-181512<\/td>\n<\/tr>\n<tr>\n<td style=\"width: 50%;\">Nyilv\u00e1ntart\u00e1st vezet\u0151 szerv:<\/td>\n<td style=\"width: 50%;\">Budapest K\u00f6rny\u00e9ki T\u00f6rv\u00e9nysz\u00e9k C\u00e9gb\u00edr\u00f3s\u00e1ga<\/td>\n<\/tr>\n<tr>\n<td style=\"width: 50%;\">K\u00e9pvisel\u0151:<\/td>\n<td style=\"width: 50%;\">Kreisz M\u00e1ty\u00e1s Tam\u00e1s<\/td>\n<\/tr>\n<tr>\n<td style=\"width: 50%;\">Telefonsz\u00e1m:<\/td>\n<td style=\"width: 50%;\">+36 20 395 3625<\/td>\n<\/tr>\n<tr>\n<td style=\"width: 50%;\">E-mail c\u00edm:<\/td>\n<td style=\"width: 50%;\">info@linguamed.hu<\/td>\n<\/tr>\n<\/tbody>\n<\/table>\n<p>[\/et_pb_text][\/et_pb_column][\/et_pb_row][et_pb_row _builder_version=&#8221;4.20.4&#8243; _module_preset=&#8221;default&#8221; global_colors_info=&#8221;{}&#8221;][et_pb_column type=&#8221;4_4&#8243; _builder_version=&#8221;4.20.4&#8243; _module_preset=&#8221;default&#8221; global_colors_info=&#8221;{}&#8221;][et_pb_text _builder_version=&#8221;4.20.4&#8243; _module_preset=&#8221;default&#8221; global_colors_info=&#8221;{}&#8221;]<\/p>\n<p><strong>T\u00e1rhelyszolg\u00e1ltat\u00f3 adatai:<\/strong><\/p>\n<p>[\/et_pb_text][et_pb_text _builder_version=&#8221;4.20.4&#8243; _module_preset=&#8221;default&#8221; global_colors_info=&#8221;{}&#8221;]<\/p>\n<table border=\"1\" style=\"border-collapse: collapse; width: 100%; height: 48px;\">\n<tbody>\n<tr style=\"height: 24px;\">\n<td style=\"width: 50%; height: 24px;\">C\u00e9gn\u00e9v:<\/td>\n<td style=\"width: 50%; height: 24px;\"><span>Rackforest Zrt.<\/span><\/td>\n<\/tr>\n<tr>\n<td style=\"width: 50%;\">Sz\u00e9khely:<\/td>\n<td style=\"width: 50%;\"><span>1132 Budapest, Victor Hugo utca 11. 5. em. B05001.<\/span><\/td>\n<\/tr>\n<tr style=\"height: 24px;\">\n<td style=\"width: 50%; height: 24px;\">E-mail c\u00edm:<\/td>\n<td style=\"width: 50%; height: 24px;\">info@rackforest.com<\/td>\n<\/tr>\n<\/tbody>\n<\/table>\n<p>[\/et_pb_text][\/et_pb_column][\/et_pb_row][\/et_pb_section]<\/p>\n","protected":false},"excerpt":{"rendered":"<p>ImpresszumA weboldal tulajdonosa \u00e9s \u00fczemeltet\u0151je: C\u00e9gn\u00e9v: LinguaMED 2001 Kft. Sz\u00e9khely: 2330 Dunaharaszti, F\u0151 \u00fat 162. Ad\u00f3sz\u00e1m: 12769085-2-13 C\u00e9gjegyz\u00e9ksz\u00e1m: 13-09-181512 Nyilv\u00e1ntart\u00e1st vezet\u0151 szerv: Budapest K\u00f6rny\u00e9ki T\u00f6rv\u00e9nysz\u00e9k C\u00e9gb\u00edr\u00f3s\u00e1ga K\u00e9pvisel\u0151: Kreisz M\u00e1ty\u00e1s Tam\u00e1s Telefonsz\u00e1m: +36 20 395 3625 E-mail c\u00edm: info@linguamed.hu T\u00e1rhelyszolg\u00e1ltat\u00f3 adatai: C\u00e9gn\u00e9v: Rackforest Zrt. Sz\u00e9khely: 1132 Budapest, Victor Hugo utca 11. 5. em. B05001. E-mail c\u00edm: [&hellip;]<\/p>\n","protected":false},"author":1,"featured_media":0,"parent":0,"menu_order":0,"comment_status":"closed","ping_status":"closed","template":"","meta":{"_et_pb_use_builder":"on","_et_pb_old_content":"","_et_gb_content_width":"","footnotes":""},"class_list":["post-52","page","type-page","status-publish","hentry"],"_links":{"self":[{"href":"http:\/\/linguamed.hu\/en\/wp-json\/wp\/v2\/pages\/52","targetHints":{"allow":["GET"]}}],"collection":[{"href":"http:\/\/linguamed.hu\/en\/wp-json\/wp\/v2\/pages"}],"about":[{"href":"http:\/\/linguamed.hu\/en\/wp-json\/wp\/v2\/types\/page"}],"author":[{"embeddable":true,"href":"http:\/\/linguamed.hu\/en\/wp-json\/wp\/v2\/users\/1"}],"replies":[{"embeddable":true,"href":"http:\/\/linguamed.hu\/en\/wp-json\/wp\/v2\/comments?post=52"}],"version-history":[{"count":5,"href":"http:\/\/linguamed.hu\/en\/wp-json\/wp\/v2\/pages\/52\/revisions"}],"predecessor-version":[{"id":554,"href":"http:\/\/linguamed.hu\/en\/wp-json\/wp\/v2\/pages\/52\/revisions\/554"}],"wp:attachment":[{"href":"http:\/\/linguamed.hu\/en\/wp-json\/wp\/v2\/media?parent=52"}],"curies":[{"name":"wp","href":"https:\/\/api.w.org\/{rel}","templated":true}]}}