{"id":340,"date":"2024-05-09T15:27:27","date_gmt":"2024-05-09T15:27:27","guid":{"rendered":"https:\/\/newwebsite.linguamed.hu\/?page_id=340"},"modified":"2024-05-29T14:13:52","modified_gmt":"2024-05-29T14:13:52","slug":"referenciak","status":"publish","type":"page","link":"http:\/\/linguamed.hu\/en\/referenciak\/","title":{"rendered":"References"},"content":{"rendered":"<p>[et_pb_section fb_built=&#8221;1&#8243; _builder_version=&#8221;4.20.4&#8243; _module_preset=&#8221;default&#8221; global_colors_info=&#8221;{}&#8221;][et_pb_row _builder_version=&#8221;4.20.4&#8243; _module_preset=&#8221;default&#8221; global_colors_info=&#8221;{}&#8221;][et_pb_column type=&#8221;4_4&#8243; _builder_version=&#8221;4.20.4&#8243; _module_preset=&#8221;default&#8221; global_colors_info=&#8221;{}&#8221;][et_pb_text _builder_version=&#8221;4.20.4&#8243; _module_preset=&#8221;default&#8221; global_colors_info=&#8221;{}&#8221;]<\/p>\n<h1 style=\"text-align: center;\">Referenci\u00e1k<\/h1>\n<p>[\/et_pb_text][\/et_pb_column][\/et_pb_row][et_pb_row column_structure=&#8221;1_2,1_2&#8243; _builder_version=&#8221;4.20.4&#8243; _module_preset=&#8221;default&#8221; global_colors_info=&#8221;{}&#8221;][et_pb_column type=&#8221;1_2&#8243; _builder_version=&#8221;4.20.4&#8243; _module_preset=&#8221;default&#8221; global_colors_info=&#8221;{}&#8221;][et_pb_text _builder_version=&#8221;4.20.4&#8243; _module_preset=&#8221;default&#8221; global_colors_info=&#8221;{}&#8221;]<\/p>\n<p style=\"text-align: center;\">Acelity L.P. Inc.<\/p>\n<p style=\"text-align: center;\">Angelini Pharma Magyarorsz\u00e1g Kft.<\/p>\n<p style=\"text-align: center;\">B\u00e9res Gy\u00f3gyszergy\u00e1r Zrt.<\/p>\n<p style=\"text-align: center;\">Berlin-Chemie\/A. Menarini Kft.<\/p>\n<p style=\"text-align: center;\">Chiesi Hungary Kft.<\/p>\n<p style=\"text-align: center;\">Chrisofix Hungary Kft.<\/p>\n<p style=\"text-align: center;\">Cognizant Technology Solutions Hungary Kft.<\/p>\n<p style=\"text-align: center;\">CooperVision Kft.<\/p>\n<p style=\"text-align: center;\">Duna Medical Center Kft.<\/p>\n<p style=\"text-align: center;\">ExtractumPharma Zrt.<\/p>\n<p style=\"text-align: center;\">F&amp;R Partner Kft.<\/p>\n<p style=\"text-align: center;\">Ferring Magyarorsz\u00e1g Gy\u00f3gyszerkereskedelmi Kft.<\/p>\n<p style=\"text-align: center;\">Hartmann-Rico Hung\u00e1ria Kft.<\/p>\n<p style=\"text-align: center;\">HOYA Vision Care<\/p>\n<p style=\"text-align: center;\">Humancell MCC Kft<\/p>\n<p style=\"text-align: center;\">Innovat\u00edv Gy\u00f3gyszergy\u00e1rt\u00f3k Egyes\u00fclete (AIPM)<\/p>\n<p style=\"text-align: center;\">KRKA Magyarorsz\u00e1g Kereskedelmi Kft.<\/p>\n<p style=\"text-align: center;\">KRKA, d. d., Novo mesto<\/p>\n<p style=\"text-align: center;\">Ky\u00e4ni Europe AB<\/p>\n<p style=\"text-align: center;\">LifeCell EMEA Ltd<\/p>\n<p style=\"text-align: center;\">Lilly Hung\u00e1ria Kft.<\/p>\n<p style=\"text-align: center;\">Medicontur Kft.<\/p>\n<p style=\"text-align: center;\">\n<p style=\"text-align: center;\">\n<p>[\/et_pb_text][\/et_pb_column][et_pb_column type=&#8221;1_2&#8243; _builder_version=&#8221;4.20.4&#8243; _module_preset=&#8221;default&#8221; global_colors_info=&#8221;{}&#8221;][et_pb_text _builder_version=&#8221;4.20.4&#8243; _module_preset=&#8221;default&#8221; global_colors_info=&#8221;{}&#8221;]<\/p>\n<p style=\"text-align: center;\">Medis Hungary Kft.<\/p>\n<p style=\"text-align: center;\">Medis, d.o.o.<\/p>\n<p style=\"text-align: center;\">Mediwings Pharma Kft.<\/p>\n<p style=\"text-align: center;\">Negat\u00edvnyom\u00e1s-ter\u00e1pi\u00e1val a Sebgy\u00f3gyul\u00e1s\u00e9rt Egyes\u00fclet<\/p>\n<p style=\"text-align: center;\">Oncompass Medicine Hungary Kft.<\/p>\n<p style=\"text-align: center;\">Pannonpharma Zrt.<\/p>\n<p style=\"text-align: center;\">Paprika Pharma Kft.<\/p>\n<p style=\"text-align: center;\">P\u00e9csi Tudom\u00e1nyegyetem<\/p>\n<p style=\"text-align: center;\">Pfizer Kft.<\/p>\n<p style=\"text-align: center;\">Pozitron-Diagnosztika Kft.<\/p>\n<p style=\"text-align: center;\">PTC Therapeutics Switzerland, GmbH.<\/p>\n<p style=\"text-align: center;\">Pr\u00e4zi-Hungaria Kft.<\/p>\n<p style=\"text-align: center;\">Rubenza Pharma s.r.o.<\/p>\n<p style=\"text-align: center;\">Semmelweis Egyetem<\/p>\n<p style=\"text-align: center;\">Semmelweis Orvost\u00f6rt\u00e9neti M\u00fazeum<\/p>\n<p style=\"text-align: center;\">Servier Hung\u00e1ria Kft.<\/p>\n<p style=\"text-align: center;\">Shila-Medic Kft.<\/p>\n<p style=\"text-align: center;\">Sp\u00e1nyi Partners Zrt.<\/p>\n<p style=\"text-align: center;\">STADA Hungary Kft.<\/p>\n<p style=\"text-align: center;\">Sto \u00c9p\u00edt\u0151anyag Kft.<\/p>\n<p style=\"text-align: center;\">Vatner Kft.<\/p>\n<p style=\"text-align: center;\">Wagner Pharma Kft.<\/p>\n<p>[\/et_pb_text][\/et_pb_column][\/et_pb_row][et_pb_row _builder_version=&#8221;4.20.4&#8243; _module_preset=&#8221;default&#8221; global_colors_info=&#8221;{}&#8221;][et_pb_column type=&#8221;4_4&#8243; _builder_version=&#8221;4.20.4&#8243; _module_preset=&#8221;default&#8221; global_colors_info=&#8221;{}&#8221;][et_pb_text _builder_version=&#8221;4.20.4&#8243; _module_preset=&#8221;default&#8221; hover_enabled=&#8221;0&#8243; global_colors_info=&#8221;{}&#8221; text_font_size=&#8221;20px&#8221; sticky_enabled=&#8221;0&#8243;]<\/p>\n<p style=\"text-align: center;\">R\u00e9szletes referenci\u00e1\u00e9rt keressen minket el\u00e9rhet\u0151s\u00e9geinken!<\/p>\n<p>[\/et_pb_text][\/et_pb_column][\/et_pb_row][et_pb_row _builder_version=&#8221;4.20.4&#8243; _module_preset=&#8221;default&#8221; global_colors_info=&#8221;{}&#8221;][et_pb_column type=&#8221;4_4&#8243; _builder_version=&#8221;4.20.4&#8243; _module_preset=&#8221;default&#8221; global_colors_info=&#8221;{}&#8221;][et_pb_button button_url=&#8221;\/kapcsolat\/&#8221; button_text=&#8221;KAPCSOLAT&#8221; button_alignment=&#8221;center&#8221; _builder_version=&#8221;4.20.4&#8243; _module_preset=&#8221;default&#8221; hover_enabled=&#8221;0&#8243; global_colors_info=&#8221;{}&#8221; sticky_enabled=&#8221;0&#8243;][\/et_pb_button][\/et_pb_column][\/et_pb_row][\/et_pb_section]<\/p>\n","protected":false},"excerpt":{"rendered":"<p>Referenci\u00e1kAcelity L.P. Inc. Angelini Pharma Magyarorsz\u00e1g Kft. B\u00e9res Gy\u00f3gyszergy\u00e1r Zrt. Berlin-Chemie\/A. Menarini Kft. Chiesi Hungary Kft. Chrisofix Hungary Kft. Cognizant Technology Solutions Hungary Kft. CooperVision Kft. Duna Medical Center Kft. ExtractumPharma Zrt. F&amp;R Partner Kft. Ferring Magyarorsz\u00e1g Gy\u00f3gyszerkereskedelmi Kft. Hartmann-Rico Hung\u00e1ria Kft. HOYA Vision Care Humancell MCC Kft Innovat\u00edv Gy\u00f3gyszergy\u00e1rt\u00f3k Egyes\u00fclete (AIPM) KRKA Magyarorsz\u00e1g Kereskedelmi [&hellip;]<\/p>\n","protected":false},"author":1,"featured_media":0,"parent":0,"menu_order":0,"comment_status":"closed","ping_status":"closed","template":"","meta":{"_et_pb_use_builder":"on","_et_pb_old_content":"","_et_gb_content_width":"","footnotes":""},"class_list":["post-340","page","type-page","status-publish","hentry"],"_links":{"self":[{"href":"http:\/\/linguamed.hu\/en\/wp-json\/wp\/v2\/pages\/340","targetHints":{"allow":["GET"]}}],"collection":[{"href":"http:\/\/linguamed.hu\/en\/wp-json\/wp\/v2\/pages"}],"about":[{"href":"http:\/\/linguamed.hu\/en\/wp-json\/wp\/v2\/types\/page"}],"author":[{"embeddable":true,"href":"http:\/\/linguamed.hu\/en\/wp-json\/wp\/v2\/users\/1"}],"replies":[{"embeddable":true,"href":"http:\/\/linguamed.hu\/en\/wp-json\/wp\/v2\/comments?post=340"}],"version-history":[{"count":12,"href":"http:\/\/linguamed.hu\/en\/wp-json\/wp\/v2\/pages\/340\/revisions"}],"predecessor-version":[{"id":527,"href":"http:\/\/linguamed.hu\/en\/wp-json\/wp\/v2\/pages\/340\/revisions\/527"}],"wp:attachment":[{"href":"http:\/\/linguamed.hu\/en\/wp-json\/wp\/v2\/media?parent=340"}],"curies":[{"name":"wp","href":"https:\/\/api.w.org\/{rel}","templated":true}]}}