{"id":32,"date":"2023-04-12T09:18:06","date_gmt":"2023-04-12T09:18:06","guid":{"rendered":"https:\/\/newwebsite.linguamed.hu\/?page_id=32"},"modified":"2026-02-26T14:00:09","modified_gmt":"2026-02-26T14:00:09","slug":"kapcsolat","status":"publish","type":"page","link":"http:\/\/linguamed.hu\/en\/kapcsolat\/","title":{"rendered":"Contact"},"content":{"rendered":"<p>[et_pb_section fb_built=&#8221;1&#8243; _builder_version=&#8221;4.20.4&#8243; _module_preset=&#8221;default&#8221; custom_margin=&#8221;||-75px|||&#8221; global_colors_info=&#8221;{}&#8221;][et_pb_row _builder_version=&#8221;4.20.4&#8243; _module_preset=&#8221;default&#8221; global_colors_info=&#8221;{}&#8221;][et_pb_column type=&#8221;4_4&#8243; _builder_version=&#8221;4.20.4&#8243; _module_preset=&#8221;default&#8221; global_colors_info=&#8221;{}&#8221;][et_pb_text _builder_version=&#8221;4.20.4&#8243; _module_preset=&#8221;default&#8221; global_colors_info=&#8221;{}&#8221;]<\/p>\n<h1 style=\"text-align: center;\">El\u00e9rhet\u0151s\u00e9geink<\/h1>\n<p>[\/et_pb_text][\/et_pb_column][\/et_pb_row][et_pb_row _builder_version=&#8221;4.20.4&#8243; _module_preset=&#8221;default&#8221; global_colors_info=&#8221;{}&#8221;][et_pb_column type=&#8221;4_4&#8243; _builder_version=&#8221;4.20.4&#8243; _module_preset=&#8221;default&#8221; global_colors_info=&#8221;{}&#8221;][et_pb_text _builder_version=&#8221;4.20.4&#8243; _module_preset=&#8221;default&#8221; text_font_size=&#8221;18px&#8221; custom_margin=&#8221;-17px|||||&#8221; custom_padding=&#8221;0px||||false|false&#8221; global_colors_info=&#8221;{}&#8221;]<\/p>\n<p>Keressen minket bizalommal telefonon, vagy \u00edrjon nek\u00fcnk e-mailt. Munkanapokon 9 \u00e9s 17 \u00f3ra k\u00f6z\u00f6tt igyeksz\u00fcnk a lehet\u0151 legr\u00f6videbb id\u0151n bel\u00fcl reag\u00e1lni.<\/p>\n<p>[\/et_pb_text][et_pb_blurb use_icon=&#8221;on&#8221; _builder_version=&#8221;4.20.4&#8243; _module_preset=&#8221;default&#8221; header_text_align=&#8221;center&#8221; body_font_size=&#8221;22px&#8221; custom_margin=&#8221;0px|50px||50px|false|true&#8221; custom_margin_tablet=&#8221;0px|0px||0px|false|true&#8221; custom_margin_phone=&#8221;0px|0px||0px|false|true&#8221; custom_margin_last_edited=&#8221;on|tablet&#8221; custom_padding=&#8221;0px|0px||0px|false|false&#8221; custom_padding_tablet=&#8221;0px|0px||0px|false|false&#8221; custom_padding_phone=&#8221;0px|0px||0px|false|false&#8221; custom_padding_last_edited=&#8221;on|tablet&#8221; body_line_height_tablet=&#8221;1.6em&#8221; body_line_height_phone=&#8221;1.6em&#8221; body_line_height_last_edited=&#8221;on|tablet&#8221; box_shadow_style=&#8221;preset2&#8243; global_colors_info=&#8221;{}&#8221;]<\/p>\n<p style=\"text-align: center;\"><strong><span style=\"color: #2daae1;\"><\/span><\/strong><\/p>\n<p style=\"text-align: center;\"><strong><span style=\"color: #2daae1;\">Nyitva tart\u00e1s:<\/span><\/strong> h\u00e9tf\u0151-p\u00e9ntek 9:00-17:00<\/p>\n<p style=\"text-align: center;\">\n<p>[\/et_pb_blurb][\/et_pb_column][\/et_pb_row][et_pb_row column_structure=&#8221;1_3,1_3,1_3&#8243; _builder_version=&#8221;4.20.4&#8243; _module_preset=&#8221;default&#8221; global_colors_info=&#8221;{}&#8221;][et_pb_column type=&#8221;1_3&#8243; _builder_version=&#8221;4.20.4&#8243; _module_preset=&#8221;default&#8221; global_colors_info=&#8221;{}&#8221;][et_pb_blurb use_icon=&#8221;on&#8221; font_icon=&#8221;&#xf3cd;||fa||900&#8243; icon_color=&#8221;#2ea3f2&#8243; icon_placement=&#8221;left&#8221; _builder_version=&#8221;4.25.1&#8243; _module_preset=&#8221;default&#8221; body_font_size=&#8221;18px&#8221; global_colors_info=&#8221;{}&#8221;]<\/p>\n<p><a href=\"tel:+36203953625\">+36 20 395 3625<\/a><\/p>\n<p>[\/et_pb_blurb][\/et_pb_column][et_pb_column type=&#8221;1_3&#8243; _builder_version=&#8221;4.20.4&#8243; _module_preset=&#8221;default&#8221; global_colors_info=&#8221;{}&#8221;][et_pb_blurb use_icon=&#8221;on&#8221; font_icon=&#8221;&#xf0e0;||fa||900&#8243; icon_color=&#8221;#2ea3f2&#8243; icon_placement=&#8221;left&#8221; _builder_version=&#8221;4.25.1&#8243; _module_preset=&#8221;default&#8221; body_font_size=&#8221;18px&#8221; global_colors_info=&#8221;{}&#8221;]<\/p>\n<p><a href=\"mailto:info@linguamed.hu\">info@linguamed.hu<\/a><\/p>\n<p>[\/et_pb_blurb][\/et_pb_column][et_pb_column type=&#8221;1_3&#8243; _builder_version=&#8221;4.20.4&#8243; _module_preset=&#8221;default&#8221; global_colors_info=&#8221;{}&#8221;][et_pb_blurb use_icon=&#8221;on&#8221; font_icon=&#8221;&#xf0e0;||fa||900&#8243; icon_color=&#8221;#2ea3f2&#8243; icon_placement=&#8221;left&#8221; _builder_version=&#8221;4.25.1&#8243; _module_preset=&#8221;default&#8221; body_font_size=&#8221;18px&#8221; global_colors_info=&#8221;{}&#8221;]<\/p>\n<p><a href=\"mailto:ajanlatkeres@linguamed.hu\">ajanlatkeres@linguamed.hu<\/a><\/p>\n<p>[\/et_pb_blurb][\/et_pb_column][\/et_pb_row][et_pb_row _builder_version=&#8221;4.20.4&#8243; _module_preset=&#8221;default&#8221; global_colors_info=&#8221;{}&#8221;][et_pb_column type=&#8221;4_4&#8243; _builder_version=&#8221;4.20.4&#8243; _module_preset=&#8221;default&#8221; global_colors_info=&#8221;{}&#8221;][et_pb_divider divider_weight=&#8221;2px&#8221; _builder_version=&#8221;4.20.4&#8243; _module_preset=&#8221;default&#8221; width=&#8221;800px&#8221; module_alignment=&#8221;center&#8221; global_colors_info=&#8221;{}&#8221;][\/et_pb_divider][et_pb_text _builder_version=&#8221;4.20.4&#8243; _module_preset=&#8221;default&#8221; text_font_size=&#8221;22px&#8221; custom_padding=&#8221;0px||||false|false&#8221; global_colors_info=&#8221;{}&#8221;]<\/p>\n<h3 style=\"text-align: center;\">Azonnali aj\u00e1nlatk\u00e9r\u00e9s<\/h3>\n<p style=\"text-align: center;\">n\u00e9h\u00e1ny kattint\u00e1ssal<\/p>\n<p>[\/et_pb_text][et_pb_text _builder_version=&#8221;4.20.4&#8243; _module_preset=&#8221;default&#8221; custom_margin=&#8221;-25px|||||&#8221; global_colors_info=&#8221;{}&#8221;]<\/p>\n\n<p>[\/et_pb_text][\/et_pb_column][\/et_pb_row][\/et_pb_section][et_pb_section fb_built=&#8221;1&#8243; _builder_version=&#8221;4.20.4&#8243; _module_preset=&#8221;default&#8221; custom_padding=&#8221;0px|||||&#8221; global_colors_info=&#8221;{}&#8221;][et_pb_row _builder_version=&#8221;4.20.4&#8243; _module_preset=&#8221;default&#8221; global_colors_info=&#8221;{}&#8221;][et_pb_column type=&#8221;4_4&#8243; _builder_version=&#8221;4.20.4&#8243; _module_preset=&#8221;default&#8221; global_colors_info=&#8221;{}&#8221;][et_pb_divider color=&#8221;#2ea3f2&#8243; divider_position=&#8221;center&#8221; divider_weight=&#8221;2px&#8221; _builder_version=&#8221;4.20.4&#8243; _module_preset=&#8221;default&#8221; width=&#8221;50%&#8221; module_alignment=&#8221;center&#8221; global_colors_info=&#8221;{}&#8221;][\/et_pb_divider][\/et_pb_column][\/et_pb_row][\/et_pb_section][et_pb_section fb_built=&#8221;1&#8243; _builder_version=&#8221;4.20.4&#8243; _module_preset=&#8221;default&#8221; custom_margin=&#8221;-165px|||||&#8221; global_colors_info=&#8221;{}&#8221;][et_pb_row _builder_version=&#8221;4.20.4&#8243; _module_preset=&#8221;default&#8221; global_colors_info=&#8221;{}&#8221;][et_pb_column type=&#8221;4_4&#8243; _builder_version=&#8221;4.20.4&#8243; _module_preset=&#8221;default&#8221; global_colors_info=&#8221;{}&#8221;][et_pb_text _builder_version=&#8221;4.20.4&#8243; _module_preset=&#8221;default&#8221; custom_margin=&#8221;38px|||||&#8221; global_colors_info=&#8221;{}&#8221;]<\/p>\n<h2 style=\"text-align: center;\">Mi t\u00f6rt\u00e9nik az aj\u00e1nlatk\u00e9r\u00e9s elk\u00fcld\u00e9se ut\u00e1n?<\/h2>\n<p>[\/et_pb_text][\/et_pb_column][\/et_pb_row][et_pb_row column_structure=&#8221;1_3,1_3,1_3&#8243; _builder_version=&#8221;4.20.4&#8243; _module_preset=&#8221;default&#8221; global_colors_info=&#8221;{}&#8221;][et_pb_column type=&#8221;1_3&#8243; _builder_version=&#8221;4.20.4&#8243; _module_preset=&#8221;default&#8221; global_colors_info=&#8221;{}&#8221;][et_pb_blurb title=&#8221;FELDOLGOZ\u00c1S&#8221; use_icon=&#8221;on&#8221; font_icon=&#8221;&#xe101;||divi||400&#8243; icon_color=&#8221;#2ea3f2&#8243; image_icon_width=&#8221;60px&#8221; _builder_version=&#8221;4.20.4&#8243; _module_preset=&#8221;default&#8221; header_text_align=&#8221;center&#8221; header_font_size=&#8221;22px&#8221; body_text_align=&#8221;center&#8221; child_mix_blend_mode=&#8221;color-burn&#8221; border_width_all_image=&#8221;3px&#8221; border_style_all_image=&#8221;none&#8221; border_width_left_image=&#8221;4px&#8221; global_colors_info=&#8221;{}&#8221;]<\/p>\n<p style=\"text-align: center;\">Az aj\u00e1nlatk\u00e9r\u00e9sre k\u00fcld\u00f6tt dokumentumokat feldolgozzuk \u00e9s elemezz\u00fck a pontos sz\u00f3sz\u00e1m \u00e9s hat\u00e1rid\u0151 meghat\u00e1roz\u00e1s\u00e1hoz.<\/p>\n<p>[\/et_pb_blurb][\/et_pb_column][et_pb_column type=&#8221;1_3&#8243; _builder_version=&#8221;4.20.4&#8243; _module_preset=&#8221;default&#8221; global_colors_info=&#8221;{}&#8221;][et_pb_blurb title=&#8221;EGYEZTET\u00c9S&#8221; use_icon=&#8221;on&#8221; font_icon=&#8221;&#xe08b;||divi||400&#8243; icon_color=&#8221;#2ea3f2&#8243; image_icon_width=&#8221;60px&#8221; _builder_version=&#8221;4.20.4&#8243; _module_preset=&#8221;default&#8221; header_text_align=&#8221;center&#8221; header_font_size=&#8221;22px&#8221; body_text_align=&#8221;center&#8221; child_mix_blend_mode=&#8221;color-burn&#8221; border_width_all_image=&#8221;3px&#8221; border_style_all_image=&#8221;none&#8221; border_width_left_image=&#8221;4px&#8221; global_colors_info=&#8221;{}&#8221;]<\/p>\n<p style=\"text-align: center;\">Amennyiben k\u00e9rd\u00e9s\u00fcnk van az aj\u00e1nlatk\u00e9r\u00e9ssel kapcsolatban, felvessz\u00fck \u00d6nnel a kapcsolatot e-mailben vagy telefonon, \u00e9s egyeztetj\u00fck a r\u00e9szleteket.<\/p>\n<p>[\/et_pb_blurb][\/et_pb_column][et_pb_column type=&#8221;1_3&#8243; _builder_version=&#8221;4.20.4&#8243; _module_preset=&#8221;default&#8221; global_colors_info=&#8221;{}&#8221;][et_pb_blurb title=&#8221;\u00c1RAJ\u00c1NLAT ELK\u00dcLD\u00c9SE&#8221; use_icon=&#8221;on&#8221; font_icon=&#8221;&#xf658;||fa||900&#8243; icon_color=&#8221;#2ea3f2&#8243; image_icon_width=&#8221;60px&#8221; _builder_version=&#8221;4.20.4&#8243; _module_preset=&#8221;default&#8221; header_text_align=&#8221;center&#8221; header_font_size=&#8221;22px&#8221; body_text_align=&#8221;center&#8221; child_mix_blend_mode=&#8221;color-burn&#8221; border_width_all_image=&#8221;3px&#8221; border_style_all_image=&#8221;none&#8221; border_width_left_image=&#8221;4px&#8221; global_colors_info=&#8221;{}&#8221;]<\/p>\n<p style=\"text-align: center;\">A kapott inform\u00e1ci\u00f3k alapj\u00e1n elk\u00e9sz\u00edtj\u00fck a r\u00e9szletes \u00e1raj\u00e1nlatot, amelyet e-mailben k\u00fcld\u00fcnk el.<\/p>\n<p>[\/et_pb_blurb][\/et_pb_column][\/et_pb_row][\/et_pb_section]<\/p>\n","protected":false},"excerpt":{"rendered":"<p>El\u00e9rhet\u0151s\u00e9geinkKeressen minket bizalommal telefonon, vagy \u00edrjon nek\u00fcnk e-mailt. Munkanapokon 9 \u00e9s 17 \u00f3ra k\u00f6z\u00f6tt igyeksz\u00fcnk a lehet\u0151 legr\u00f6videbb id\u0151n bel\u00fcl reag\u00e1lni. Nyitva tart\u00e1s: h\u00e9tf\u0151-p\u00e9ntek 9:00-17:00 +36 20 395 3625info@linguamed.huajanlatkeres@linguamed.huAzonnali aj\u00e1nlatk\u00e9r\u00e9s n\u00e9h\u00e1ny kattint\u00e1ssalMi t\u00f6rt\u00e9nik az aj\u00e1nlatk\u00e9r\u00e9s elk\u00fcld\u00e9se ut\u00e1n?Az aj\u00e1nlatk\u00e9r\u00e9sre k\u00fcld\u00f6tt dokumentumokat feldolgozzuk \u00e9s elemezz\u00fck a pontos sz\u00f3sz\u00e1m \u00e9s hat\u00e1rid\u0151 meghat\u00e1roz\u00e1s\u00e1hoz.Amennyiben k\u00e9rd\u00e9s\u00fcnk van az aj\u00e1nlatk\u00e9r\u00e9ssel kapcsolatban, [&hellip;]<\/p>\n","protected":false},"author":1,"featured_media":0,"parent":0,"menu_order":0,"comment_status":"closed","ping_status":"closed","template":"","meta":{"_et_pb_use_builder":"on","_et_pb_old_content":"","_et_gb_content_width":"","footnotes":""},"class_list":["post-32","page","type-page","status-publish","hentry"],"_links":{"self":[{"href":"http:\/\/linguamed.hu\/en\/wp-json\/wp\/v2\/pages\/32","targetHints":{"allow":["GET"]}}],"collection":[{"href":"http:\/\/linguamed.hu\/en\/wp-json\/wp\/v2\/pages"}],"about":[{"href":"http:\/\/linguamed.hu\/en\/wp-json\/wp\/v2\/types\/page"}],"author":[{"embeddable":true,"href":"http:\/\/linguamed.hu\/en\/wp-json\/wp\/v2\/users\/1"}],"replies":[{"embeddable":true,"href":"http:\/\/linguamed.hu\/en\/wp-json\/wp\/v2\/comments?post=32"}],"version-history":[{"count":31,"href":"http:\/\/linguamed.hu\/en\/wp-json\/wp\/v2\/pages\/32\/revisions"}],"predecessor-version":[{"id":606,"href":"http:\/\/linguamed.hu\/en\/wp-json\/wp\/v2\/pages\/32\/revisions\/606"}],"wp:attachment":[{"href":"http:\/\/linguamed.hu\/en\/wp-json\/wp\/v2\/media?parent=32"}],"curies":[{"name":"wp","href":"https:\/\/api.w.org\/{rel}","templated":true}]}}