{"id":145,"date":"2023-04-12T14:01:41","date_gmt":"2023-04-12T14:01:41","guid":{"rendered":"https:\/\/newwebsite.linguamed.hu\/?page_id=145"},"modified":"2026-02-27T15:24:09","modified_gmt":"2026-02-27T15:24:09","slug":"kezdolap","status":"publish","type":"page","link":"http:\/\/linguamed.hu\/en\/","title":{"rendered":"Kezd\u0151lap"},"content":{"rendered":"<p>[et_pb_section fb_built=&#8221;1&#8243; _builder_version=&#8221;4.20.4&#8243; _module_preset=&#8221;default&#8221; background_image=&#8221;https:\/\/newwebsite.linguamed.hu\/wp-content\/uploads\/2023\/12\/computer-1149148_1920.jpg&#8221; global_colors_info=&#8221;{}&#8221;][et_pb_row _builder_version=&#8221;4.20.4&#8243; _module_preset=&#8221;default&#8221; custom_margin=&#8221;60px|auto|60px|auto|true|false&#8221; custom_padding=&#8221;15px|15px|15px|15px|true|true&#8221; global_colors_info=&#8221;{}&#8221;][et_pb_column type=&#8221;4_4&#8243; _builder_version=&#8221;4.20.4&#8243; _module_preset=&#8221;default&#8221; background_color=&#8221;rgba(255,255,255,0.9)&#8221; custom_padding=&#8221;50px|50px|50px|50px|true|true&#8221; global_colors_info=&#8221;{}&#8221;][et_pb_text content_tablet=&#8221;<\/p>\n<h2>Mindig profi \u00e9s szakszer\u0171 eg\u00e9szs\u00e9g\u00fcgyi ford\u00edt\u00e1s<\/h2>\n<p>&#8221; content_phone=&#8221;<\/p>\n<h3>Mindig profi \u00e9s szakszer\u0171 eg\u00e9szs\u00e9g\u00fcgyi ford\u00edt\u00e1s<\/h3>\n<p>&#8221; content_last_edited=&#8221;on|phone&#8221; _builder_version=&#8221;4.20.4&#8243; _module_preset=&#8221;default&#8221; custom_margin=&#8221;||0px|||&#8221; global_colors_info=&#8221;{}&#8221;]<\/p>\n<h2>Mindig profi \u00e9s szakszer\u0171 eg\u00e9szs\u00e9g\u00fcgyi ford\u00edt\u00e1s<\/h2>\n<p>[\/et_pb_text][et_pb_text _builder_version=&#8221;4.20.4&#8243; _module_preset=&#8221;default&#8221; text_font=&#8221;|600|||||||&#8221; text_font_size=&#8221;25px&#8221; global_colors_info=&#8221;{}&#8221;]<\/p>\n<p>a LinguaMED Ford\u00edt\u00f3irod\u00e1t\u00f3l<\/p>\n<p>[\/et_pb_text][et_pb_text _builder_version=&#8221;4.20.4&#8243; _module_preset=&#8221;default&#8221; text_font_size=&#8221;20px&#8221; custom_margin=&#8221;50px||50px||true|false&#8221; global_colors_info=&#8221;{}&#8221;]<\/p>\n<p>Tapasztalt, megb\u00edzhat\u00f3 \u00e9s elk\u00f6telezett csapatunk \u00f6r\u00f6mmel \u00e1ll rendelkez\u00e9s\u00e9re, legyen sz\u00f3 n\u00e9h\u00e1ny oldalas orvosi lelet vagy eg\u00e9szen komplex projekt ford\u00edt\u00e1s\u00e1r\u00f3l.<\/p>\n<p>[\/et_pb_text][et_pb_button button_url=&#8221;\/ajanlatkeres\/&#8221; button_text=&#8221;Aj\u00e1nlatot k\u00e9rek&#8221; _builder_version=&#8221;4.20.4&#8243; _module_preset=&#8221;default&#8221; custom_button=&#8221;on&#8221; button_text_size_tablet=&#8221;&#8221; button_text_size_phone=&#8221;19px&#8221; button_text_size_last_edited=&#8221;on|phone&#8221; global_colors_info=&#8221;{}&#8221;][\/et_pb_button][\/et_pb_column][\/et_pb_row][\/et_pb_section][et_pb_section fb_built=&#8221;1&#8243; _builder_version=&#8221;4.20.4&#8243; _module_preset=&#8221;default&#8221; global_colors_info=&#8221;{}&#8221;][et_pb_row column_structure=&#8221;1_2,1_2&#8243; _builder_version=&#8221;4.20.4&#8243; _module_preset=&#8221;default&#8221; global_colors_info=&#8221;{}&#8221;][et_pb_column type=&#8221;1_2&#8243; _builder_version=&#8221;4.20.4&#8243; _module_preset=&#8221;default&#8221; global_colors_info=&#8221;{}&#8221;][et_pb_blurb title=&#8221;T\u00f6bb mint 25 \u00e9v tapasztalata&#8221; use_icon=&#8221;on&#8221; font_icon=&#8221;&#xf058;||fa||900&#8243; icon_color=&#8221;#2ea3f2&#8243; icon_placement=&#8221;left&#8221; _builder_version=&#8221;4.20.4&#8243; _module_preset=&#8221;default&#8221; body_font_size=&#8221;18px&#8221; global_colors_info=&#8221;{}&#8221;]<\/p>\n<p><span>Az irod\u00e1nk alap\u00edt\u00e1sa \u00f3ta eltelt t\u00f6bb mint 25 \u00e9vben sokezer ford\u00edt\u00e1si projektet teljes\u00edtett\u00fcnk sikerrel.<\/span><\/p>\n<p>[\/et_pb_blurb][\/et_pb_column][et_pb_column type=&#8221;1_2&#8243; _builder_version=&#8221;4.20.4&#8243; _module_preset=&#8221;default&#8221; global_colors_info=&#8221;{}&#8221;][et_pb_blurb title=&#8221;Profi szakford\u00edt\u00f3-csapat&#8221; use_icon=&#8221;on&#8221; font_icon=&#8221;&#xf0c0;||fa||900&#8243; icon_color=&#8221;#2ea3f2&#8243; icon_placement=&#8221;left&#8221; _builder_version=&#8221;4.20.4&#8243; _module_preset=&#8221;default&#8221; body_font_size=&#8221;18px&#8221; global_colors_info=&#8221;{}&#8221;]<\/p>\n<p><span>Koll\u00e9g\u00e1ink szakford\u00edt\u00f3i v\u00e9gzetts\u00e9ggel, kimagasl\u00f3 szakmai tud\u00e1ssal \u00e9s hossz\u00fa \u00e9vek tapasztalat\u00e1val rendelkez\u0151 szakemberek.<\/span><\/p>\n<p>[\/et_pb_blurb][\/et_pb_column][\/et_pb_row][et_pb_row column_structure=&#8221;1_2,1_2&#8243; _builder_version=&#8221;4.20.4&#8243; _module_preset=&#8221;default&#8221; global_colors_info=&#8221;{}&#8221;][et_pb_column type=&#8221;1_2&#8243; _builder_version=&#8221;4.20.4&#8243; _module_preset=&#8221;default&#8221; global_colors_info=&#8221;{}&#8221;][et_pb_blurb title=&#8221;\u00c9lvonalbeli technol\u00f3giai h\u00e1tt\u00e9r&#8221; use_icon=&#8221;on&#8221; font_icon=&#8221;&#xf109;||fa||900&#8243; icon_color=&#8221;#2ea3f2&#8243; icon_placement=&#8221;left&#8221; _builder_version=&#8221;4.20.4&#8243; _module_preset=&#8221;default&#8221; body_font_size=&#8221;18px&#8221; global_colors_info=&#8221;{}&#8221;]<\/p>\n<p><span>Ford\u00edt\u00f3irod\u00e1nk munk\u00e1j\u00e1t a legkorszer\u0171bb szoftverek seg\u00edtik, hogy a ford\u00edt\u00e1sok minden szinten megfeleljenek megrendel\u0151ink elv\u00e1r\u00e1sainak.<\/span><\/p>\n<p>[\/et_pb_blurb][\/et_pb_column][et_pb_column type=&#8221;1_2&#8243; _builder_version=&#8221;4.20.4&#8243; _module_preset=&#8221;default&#8221; global_colors_info=&#8221;{}&#8221;][et_pb_blurb title=&#8221;Mindig megb\u00edzhat\u00f3 min\u0151s\u00e9g&#8221; use_icon=&#8221;on&#8221; font_icon=&#8221;&#xf164;||fa||400&#8243; icon_color=&#8221;#2ea3f2&#8243; icon_placement=&#8221;left&#8221; _builder_version=&#8221;4.20.4&#8243; _module_preset=&#8221;default&#8221; body_font_size=&#8221;18px&#8221; global_colors_info=&#8221;{}&#8221;]<\/p>\n<p><span>A ford\u00edt\u00e1sok min\u0151s\u00e9g\u00e9t \u00e9s pontoss\u00e1g\u00e1t kiv\u00e9teles nyelvi \u00e9s szakmai tud\u00e1ssal rendelkez\u0151 szakford\u00edt\u00f3 csapatunk, \u00e9vtizedes tapasztalatunk \u00e9s t\u00f6bbszint\u0171 min\u0151s\u00e9g-ellen\u0151rz\u00e9si rendszer\u00fcnk garant\u00e1lja.<\/span><\/p>\n<p>[\/et_pb_blurb][\/et_pb_column][\/et_pb_row][\/et_pb_section][et_pb_section fb_built=&#8221;1&#8243; _builder_version=&#8221;4.20.4&#8243; _module_preset=&#8221;default&#8221; background_image=&#8221;https:\/\/newwebsite.linguamed.hu\/wp-content\/uploads\/2023\/04\/ComputerHealthStethoscope.jpg&#8221; global_colors_info=&#8221;{}&#8221;][et_pb_row _builder_version=&#8221;4.20.4&#8243; _module_preset=&#8221;default&#8221; background_color=&#8221;rgba(255,255,255,0.85)&#8221; custom_margin=&#8221;50px||50px||true|false&#8221; custom_padding=&#8221;30px|20px|30px|20px|true|true&#8221; global_colors_info=&#8221;{}&#8221;][et_pb_column type=&#8221;4_4&#8243; _builder_version=&#8221;4.20.4&#8243; _module_preset=&#8221;default&#8221; global_colors_info=&#8221;{}&#8221;][et_pb_text content_tablet=&#8221;<\/p>\n<h2 style=%22text-align: center;%22>Szakter\u00fcleteink<\/h2>\n<p>&#8221; content_phone=&#8221;<\/p>\n<h2 style=%22text-align: center;%22>Szakter\u00fcleteink<\/h2>\n<p>&#8221; content_last_edited=&#8221;on|phone&#8221; _builder_version=&#8221;4.20.4&#8243; _module_preset=&#8221;default&#8221; global_colors_info=&#8221;{}&#8221;]<\/p>\n<h2 style=\"text-align: center;\">Szakter\u00fcleteink<\/h2>\n<p>[\/et_pb_text][et_pb_text content_tablet=&#8221;<\/p>\n<p style=%22text-align: center;%22>Ford\u00edt\u00f3irod\u00e1nk kiemelt szakter\u00fclete az <strong><span style=%22color: #17a8e3;%22>eg\u00e9szs\u00e9g\u00fcgy, az orvostudom\u00e1ny \u00e9s a gy\u00f3gyszeripar<\/span><\/strong>, emellett v\u00e1llalunk szakford\u00edt\u00e1si \u00e9s lektor\u00e1l\u00e1si megb\u00edz\u00e1sokat egy\u00e9b szakter\u00fcleteken is, megrendel\u0151ink egyedi ig\u00e9nyeihez rugalmasan igazodva. Rendszeresen k\u00e9sz\u00edt\u00fcnk tov\u00e1bb\u00e1 hivatalos ford\u00edt\u00e1sokat, k\u00fclf\u00f6ld\u00f6n t\u00f6rt\u00e9n\u0151 orvosi kezel\u00e9shez, illetve eg\u00e9szs\u00e9g\u00fcgyi dolgoz\u00f3k sz\u00e1m\u00e1ra, k\u00fclf\u00f6ldi munkav\u00e1llal\u00e1shoz.<br \/><span style=%22color: #17a8e3;%22><\/span><\/p>\n<p>&#8221; content_phone=&#8221;<\/p>\n<p style=%22text-align: center;%22>Ford\u00edt\u00f3irod\u00e1nk kiemelt szakter\u00fclete az <strong><span style=%22color: #17a8e3;%22>eg\u00e9szs\u00e9g\u00fcgy, az orvostudom\u00e1ny \u00e9s a gy\u00f3gyszeripar<\/span><\/strong>, emellett v\u00e1llalunk szakford\u00edt\u00e1si \u00e9s lektor\u00e1l\u00e1si megb\u00edz\u00e1sokat egy\u00e9b szakter\u00fcleteken is, megrendel\u0151ink egyedi ig\u00e9nyeihez rugalmasan igazodva. Rendszeresen k\u00e9sz\u00edt\u00fcnk tov\u00e1bb\u00e1 hivatalos ford\u00edt\u00e1sokat, k\u00fclf\u00f6ld\u00f6n t\u00f6rt\u00e9n\u0151 orvosi kezel\u00e9shez, illetve eg\u00e9szs\u00e9g\u00fcgyi dolgoz\u00f3k sz\u00e1m\u00e1ra, k\u00fclf\u00f6ldi munkav\u00e1llal\u00e1shoz.<br \/><span style=%22color: #17a8e3;%22><\/span><\/p>\n<p>&#8221; content_last_edited=&#8221;on|desktop&#8221; _builder_version=&#8221;4.20.4&#8243; _module_preset=&#8221;default&#8221; text_font_size=&#8221;19px&#8221; text_font_size_tablet=&#8221;19px&#8221; text_font_size_phone=&#8221;19px&#8221; text_font_size_last_edited=&#8221;on|phone&#8221; text_orientation_tablet=&#8221;&#8221; text_orientation_phone=&#8221;&#8221; text_orientation_last_edited=&#8221;on|desktop&#8221; global_colors_info=&#8221;{}&#8221;]<\/p>\n<p style=\"text-align: center;\">Ford\u00edt\u00f3irod\u00e1nk kiemelt szakter\u00fclete az <strong><span style=\"color: #17a8e3;\">eg\u00e9szs\u00e9g\u00fcgy, az orvostudom\u00e1ny\u00a0\u00e9s a\u00a0gy\u00f3gyszeripar<\/span><\/strong>, emellett v\u00e1llalunk szakford\u00edt\u00e1si \u00e9s lektor\u00e1l\u00e1si megb\u00edz\u00e1sokat egy\u00e9b szakter\u00fcleteken is, megrendel\u0151ink egyedi ig\u00e9nyeihez rugalmasan igazodva. Rendszeresen k\u00e9sz\u00edt\u00fcnk tov\u00e1bb\u00e1 hivatalos ford\u00edt\u00e1sokat, k\u00fclf\u00f6ld\u00f6n t\u00f6rt\u00e9n\u0151 orvosi kezel\u00e9shez, illetve eg\u00e9szs\u00e9g\u00fcgyi dolgoz\u00f3k sz\u00e1m\u00e1ra, k\u00fclf\u00f6ldi munkav\u00e1llal\u00e1shoz.<br \/><span style=\"color: #17a8e3;\"><\/span><\/p>\n<p>[\/et_pb_text][\/et_pb_column][\/et_pb_row][\/et_pb_section][et_pb_section fb_built=&#8221;1&#8243; _builder_version=&#8221;4.20.4&#8243; _module_preset=&#8221;default&#8221; global_colors_info=&#8221;{}&#8221;][et_pb_row _builder_version=&#8221;4.20.4&#8243; _module_preset=&#8221;default&#8221; global_colors_info=&#8221;{}&#8221;][et_pb_column type=&#8221;4_4&#8243; _builder_version=&#8221;4.20.4&#8243; _module_preset=&#8221;default&#8221; global_colors_info=&#8221;{}&#8221;][et_pb_text _builder_version=&#8221;4.20.4&#8243; _module_preset=&#8221;default&#8221; global_colors_info=&#8221;{}&#8221;]<\/p>\n<h1 style=\"text-align: center;\">Aj\u00e1nlatk\u00e9r\u00e9s<\/h1>\n<p>[\/et_pb_text][et_pb_text _builder_version=&#8221;4.20.4&#8243; _module_preset=&#8221;default&#8221; text_font_size=&#8221;20px&#8221; text_font_size_tablet=&#8221;20px&#8221; text_font_size_phone=&#8221;19px&#8221; text_font_size_last_edited=&#8221;on|phone&#8221; global_colors_info=&#8221;{}&#8221;]<\/p>\n<p style=\"text-align: center;\">K\u00e9rje ingyenes, egyedi \u00e1raj\u00e1nlatunkat! A teljes aj\u00e1nlatk\u00e9r\u0151 \u0171rlap kit\u00f6lt\u00e9se mind\u00f6ssze n\u00e9h\u00e1ny percet vesz ig\u00e9nybe.<\/p>\n<p>[\/et_pb_text][et_pb_text _builder_version=&#8221;4.20.4&#8243; _module_preset=&#8221;default&#8221; global_colors_info=&#8221;{}&#8221;]<\/p>\n\n<p>[\/et_pb_text][\/et_pb_column][\/et_pb_row][\/et_pb_section][et_pb_section fb_built=&#8221;1&#8243; _builder_version=&#8221;4.20.4&#8243; _module_preset=&#8221;default&#8221; global_colors_info=&#8221;{}&#8221;][et_pb_row _builder_version=&#8221;4.20.4&#8243; _module_preset=&#8221;default&#8221; global_colors_info=&#8221;{}&#8221;][et_pb_column type=&#8221;4_4&#8243; _builder_version=&#8221;4.20.4&#8243; _module_preset=&#8221;default&#8221; global_colors_info=&#8221;{}&#8221;][et_pb_text _builder_version=&#8221;4.20.4&#8243; _module_preset=&#8221;default&#8221; global_colors_info=&#8221;{}&#8221;]<\/p>\n<h1 style=\"text-align: center;\">Hossz\u00fa t\u00e1v\u00fa egy\u00fcttm\u0171k\u00f6d\u00e9s<\/h1>\n<p>[\/et_pb_text][et_pb_text _builder_version=&#8221;4.20.4&#8243; _module_preset=&#8221;default&#8221; text_font=&#8221;|600|||||||&#8221; text_font_size=&#8221;22px&#8221; global_colors_info=&#8221;{}&#8221;]<\/p>\n<p style=\"text-align: center;\"><span>Partnereink sz\u00e1m\u00e1ra az al\u00e1bbi szolg\u00e1ltat\u00e1sokat k\u00edn\u00e1ljuk hossz\u00fa t\u00e1v\u00fa egy\u00fcttm\u0171k\u00f6d\u00e9s eset\u00e9n<\/span><\/p>\n<p>[\/et_pb_text][\/et_pb_column][\/et_pb_row][et_pb_row column_structure=&#8221;1_2,1_2&#8243; _builder_version=&#8221;4.20.4&#8243; _module_preset=&#8221;default&#8221; global_colors_info=&#8221;{}&#8221;][et_pb_column type=&#8221;1_2&#8243; _builder_version=&#8221;4.20.4&#8243; _module_preset=&#8221;default&#8221; global_colors_info=&#8221;{}&#8221;][et_pb_blurb title=&#8221;Egyedi \u00e1rak, el\u0151re tervezhet\u0151 k\u00f6lts\u00e9gek&#8221; use_icon=&#8221;on&#8221; font_icon=&#8221;&#xf1ec;||fa||900&#8243; icon_color=&#8221;#2ea3f2&#8243; icon_placement=&#8221;left&#8221; image_icon_width=&#8221;50px&#8221; _builder_version=&#8221;4.20.4&#8243; _module_preset=&#8221;default&#8221; global_colors_info=&#8221;{}&#8221;]<\/p>\n<p><span>Hossz\u00fa t\u00e1v\u00fa egy\u00fcttm\u0171k\u00f6d\u00e9s eset\u00e9n \u00fcgyfeleinkkel szolg\u00e1ltat\u00e1si keretszerz\u0151d\u00e9st k\u00f6t\u00fcnk, amelynek \u00e9rtelm\u00e9ben k\u00f6z\u00f6sen kialak\u00edtott,\u00a0<\/span><strong>egyedi \u00e1rakon<\/strong><span>\u00a0v\u00e1llaljuk a k\u00fcl\u00f6nb\u00f6z\u0151 ford\u00edt\u00e1sok, lektor\u00e1l\u00e1sok elk\u00e9sz\u00edt\u00e9s\u00e9t. Mivel az elsz\u00e1mol\u00e1s alapj\u00e1t irod\u00e1nkn\u00e1l a forr\u00e1snyelvi sz\u00f6veg sz\u00f3sz\u00e1ma k\u00e9pezi, az esetek t\u00f6bbs\u00e9g\u00e9ben pontos, v\u00e9g\u00f6sszegben kifejezett v\u00e1llal\u00e1si \u00e1rat tudunk megadni, \u00edgy a ford\u00edt\u00e1si d\u00edj m\u00e1r a megrendel\u00e9s id\u0151pontj\u00e1ban pontosan tudhat\u00f3, ez\u00e1ltal a k\u00f6lts\u00e9gek el\u0151re kisz\u00e1m\u00edthat\u00f3ak.<\/span><\/p>\n<p>[\/et_pb_blurb][et_pb_blurb title=&#8221;Ford\u00edt\u00e1si mem\u00f3ri\u00e1k l\u00e9trehoz\u00e1sa \u00e9s friss\u00edt\u00e9se&#8221; use_icon=&#8221;on&#8221; font_icon=&#8221;&#xf5fc;||fa||900&#8243; icon_color=&#8221;#2ea3f2&#8243; icon_placement=&#8221;left&#8221; image_icon_width=&#8221;50px&#8221; _builder_version=&#8221;4.20.4&#8243; _module_preset=&#8221;default&#8221; global_colors_info=&#8221;{}&#8221;]<\/p>\n<p><span>Az elk\u00e9sz\u00fclt ford\u00edt\u00e1sokb\u00f3l k\u00fcl\u00f6nb\u00f6z\u0151 ford\u00edt\u00e1st\u00e1mogat\u00f3 szoftvereink seg\u00edts\u00e9g\u00e9vel speci\u00e1lis adatb\u00e1zisokat, \u00fan.\u00a0<\/span><strong>ford\u00edt\u00e1si mem\u00f3ri\u00e1kat<\/strong><span>\u00a0(angolul TM, azaz translation memory) hozunk l\u00e9tre, amelyeket a k\u00f6z\u00f6s munka sor\u00e1n folyamatosan b\u0151v\u00edt\u00fcnk \u00e9s friss\u00edt\u00fcnk. A ford\u00edt\u00e1si mem\u00f3ri\u00e1k tov\u00e1bbi el\u0151nye, hogy a benn\u00fck t\u00e1rolt, kor\u00e1bban leford\u00edtott anyagokat a k\u00e9s\u0151bbi projektek sor\u00e1n \u00fajra felhaszn\u00e1lhatjuk, biztos\u00edtva ezzel a konzisztens sz\u00f3haszn\u00e1latot, a r\u00f6videbb \u00e1tfut\u00e1si id\u0151t \u00e9s a kedvez\u0151 ford\u00edt\u00e1si d\u00edjakat.<\/span><\/p>\n<p>[\/et_pb_blurb][et_pb_blurb title=&#8221;K\u00fcl\u00f6nb\u00f6z\u0151 f\u00e1jlform\u00e1tumok feldolgoz\u00e1sa&#8221; use_icon=&#8221;on&#8221; font_icon=&#8221;&#xf56e;||fa||900&#8243; icon_color=&#8221;#2ea3f2&#8243; icon_placement=&#8221;left&#8221; image_icon_width=&#8221;50px&#8221; _builder_version=&#8221;4.20.4&#8243; _module_preset=&#8221;default&#8221; global_colors_info=&#8221;{}&#8221;]<\/p>\n<p><span>Gyakorlatilag b\u00e1rmilyen szerkeszthet\u0151 form\u00e1tum\u00fa anyag terjedelm\u00e9t meg tudjuk hat\u00e1rozni karaktersz\u00e1ml\u00e1l\u00f3, illetve ford\u00edt\u00e1st\u00e1mogat\u00f3 szoftvereink seg\u00edts\u00e9g\u00e9vel, legyen sz\u00f3 egyszer\u0171\u00a0<\/span><strong>Word dokumentumr\u00f3l, Excel t\u00e1bl\u00e1zatr\u00f3l, Power Point prezent\u00e1ci\u00f3r\u00f3l, html<\/strong><span>\u00a0vagy \u00e9ppen\u00a0<\/span><strong>xml<\/strong><span>\u00a0form\u00e1tum\u00fa f\u00e1jlokr\u00f3l. Optikai karakterfelismer\u0151 szoftvereinknek k\u00f6sz\u00f6nhet\u0151en nem jelent probl\u00e9m\u00e1t a PDF vagy szkennelt form\u00e1tumban rendelkez\u00e9s\u00fcnkre bocs\u00e1tott dokumentumok feldolgoz\u00e1sa sem.<\/span><\/p>\n<p>[\/et_pb_blurb][\/et_pb_column][et_pb_column type=&#8221;1_2&#8243; _builder_version=&#8221;4.20.4&#8243; _module_preset=&#8221;default&#8221; global_colors_info=&#8221;{}&#8221;][et_pb_blurb title=&#8221;Egyszer\u0171bb \u00e9s gyorsabb megrendel\u00e9s&#8221; use_icon=&#8221;on&#8221; font_icon=&#8221;&#xe07a;||divi||400&#8243; icon_color=&#8221;#2ea3f2&#8243; icon_placement=&#8221;left&#8221; image_icon_width=&#8221;50px&#8221; _builder_version=&#8221;4.20.4&#8243; _module_preset=&#8221;default&#8221; scroll_scaling=&#8221;0|50|50|100|70|70%|100&#8243; global_colors_info=&#8221;{}&#8221; custom_padding__hover_enabled=&#8221;off|desktop&#8221; custom_padding__hover=&#8221;20px|20px|20px|20px|true|true&#8221;]<\/p>\n<p><span>Szerz\u0151d\u00e9ssel rendelkez\u0151 partnereinknek m\u00e1r nem sz\u00fcks\u00e9ges aj\u00e1nlatot k\u00e9rni, illetve kit\u00f6lteni \u00e9s visszak\u00fcldeni megrendel\u0151lapunkat, elegend\u0151 csup\u00e1n egy e-mailben vagy online aj\u00e1nlatk\u00e9r\u0151 rendszer\u00fcnk\u00f6n kereszt\u00fcl jelezni a megrendel\u00e9si sz\u00e1nd\u00e9kot \u00e9s eljuttatni hozz\u00e1nk a ford\u00edtand\u00f3 sz\u00f6veget. Munkat\u00e1rsaink az anyag feldolgoz\u00e1s\u00e1t \u00e9s anal\u00edzis\u00e9t k\u00f6vet\u0151en egy v\u00e1lasz e-mailben visszaigazolj\u00e1k a pontos v\u00e1llal\u00e1si \u00e1rat valamint a hat\u00e1rid\u0151t \u00e9s m\u00e1r ind\u00edtjuk is a ford\u00edt\u00e1st.<\/span><\/p>\n<p>[\/et_pb_blurb][et_pb_blurb title=&#8221;Sz\u00f3szedetek, terminol\u00f3giai adatb\u00e1zisok kezel\u00e9se&#8221; use_icon=&#8221;on&#8221; font_icon=&#8221;&#xf566;||fa||900&#8243; icon_color=&#8221;#2ea3f2&#8243; icon_placement=&#8221;left&#8221; image_icon_width=&#8221;50px&#8221; _builder_version=&#8221;4.20.4&#8243; _module_preset=&#8221;default&#8221; global_colors_info=&#8221;{}&#8221;]<\/p>\n<p><span>Els\u0151sorban nagyobb volumen\u0171 ford\u00edt\u00e1si projektek, illetve hossz\u00fa t\u00e1v\u00fa egy\u00fcttm\u0171k\u00f6d\u00e9s sor\u00e1n javasoljuk a <\/span><strong>sz\u00f3szedetek<\/strong><span> kidolgoz\u00e1s\u00e1t \u00e9s \u00f6ssze\u00e1ll\u00edt\u00e1s\u00e1t. Megrendel\u0151inkkel k\u00f6z\u00f6sen \u00e1ll\u00edtjuk \u00f6ssze a sz\u00f6vegekben leggyakrabban el\u0151fordul\u00f3 szakkifejez\u00e9sek list\u00e1j\u00e1t, meghat\u00e1rozzuk ezek legpontosabb c\u00e9lnyelvi megfelel\u0151it, majd a munka sor\u00e1n e sz\u00f3szedeteket k\u00f6vetve alkalmazzuk a k\u00f6z\u00f6sen kidolgozott terminol\u00f3gi\u00e1t, hogy a ford\u00edt\u00e1sok minden szinten megfeleljenek megrendel\u0151ink elv\u00e1r\u00e1sainak.<\/span><\/p>\n<p>[\/et_pb_blurb][et_pb_blurb title=&#8221;PDF \u00e9s szkennelt anyagok ford\u00edt\u00e1sa&#8221; use_icon=&#8221;on&#8221; font_icon=&#8221;&#xf1c1;||fa||900&#8243; icon_color=&#8221;#2ea3f2&#8243; icon_placement=&#8221;left&#8221; image_icon_width=&#8221;50px&#8221; _builder_version=&#8221;4.20.4&#8243; _module_preset=&#8221;default&#8221; global_colors_info=&#8221;{}&#8221;]<\/p>\n<p><span>Optikai karakterfelismer\u0151 szoftvereink seg\u00edts\u00e9g\u00e9vel a nem szerkeszthet\u0151,\u00a0<\/span><strong>PDF form\u00e1tumban k\u00fcld\u00f6tt<\/strong><span>\u00a0vagy\u00a0<\/span><strong>szkennelt<\/strong><span>\u00a0dokumentumokat is fel tudjuk dolgozni. A konvert\u00e1l\u00e1s folyamata sor\u00e1n szerkeszthet\u0151 sz\u00f6veget (az esetek t\u00f6bbs\u00e9g\u00e9ben MS Word form\u00e1tum\u00fa f\u00e1jlt) hozunk l\u00e9tre, ami alapj\u00e1n elk\u00e9sz\u00edtj\u00fck a ford\u00edt\u00e1st. Ennek k\u00f6sz\u00f6nhet\u0151en az elk\u00e9sz\u00fclt ford\u00edt\u00e1sokat az eredetihez hasonl\u00f3 elrendez\u00e9sben, a form\u00e1z\u00e1si saj\u00e1toss\u00e1gok \u00e9s k\u00e9pek megtart\u00e1s\u00e1val k\u00e9sz\u00edtj\u00fck el \u00e9s sz\u00e1ll\u00edtjuk megrendel\u0151ink r\u00e9sz\u00e9re.<\/span><\/p>\n<p>[\/et_pb_blurb][\/et_pb_column][\/et_pb_row][\/et_pb_section][et_pb_section fb_built=&#8221;1&#8243; _builder_version=&#8221;4.20.4&#8243; _module_preset=&#8221;default&#8221; custom_padding=&#8221;4px|||||&#8221; global_colors_info=&#8221;{}&#8221;][et_pb_row _builder_version=&#8221;4.20.4&#8243; _module_preset=&#8221;default&#8221; global_colors_info=&#8221;{}&#8221;][et_pb_column type=&#8221;4_4&#8243; _builder_version=&#8221;4.20.4&#8243; _module_preset=&#8221;default&#8221; global_colors_info=&#8221;{}&#8221;][et_pb_button button_url=&#8221;\/ajanlatkeres\/&#8221; button_text=&#8221;Aj\u00e1nlatot k\u00e9rek&#8221; button_alignment=&#8221;center&#8221; _builder_version=&#8221;4.20.4&#8243; _module_preset=&#8221;default&#8221; global_colors_info=&#8221;{}&#8221;][\/et_pb_button][\/et_pb_column][\/et_pb_row][\/et_pb_section]<\/p>\n","protected":false},"excerpt":{"rendered":"<p>Mindig profi \u00e9s szakszer\u0171 eg\u00e9szs\u00e9g\u00fcgyi ford\u00edt\u00e1sa LinguaMED Ford\u00edt\u00f3irod\u00e1t\u00f3lTapasztalt, megb\u00edzhat\u00f3 \u00e9s elk\u00f6telezett csapatunk \u00f6r\u00f6mmel \u00e1ll rendelkez\u00e9s\u00e9re, legyen sz\u00f3 n\u00e9h\u00e1ny oldalas orvosi lelet vagy eg\u00e9szen komplex projekt ford\u00edt\u00e1s\u00e1r\u00f3l.Az irod\u00e1nk alap\u00edt\u00e1sa \u00f3ta eltelt t\u00f6bb mint 25 \u00e9vben sokezer ford\u00edt\u00e1si projektet teljes\u00edtett\u00fcnk sikerrel.Koll\u00e9g\u00e1ink szakford\u00edt\u00f3i v\u00e9gzetts\u00e9ggel, kimagasl\u00f3 szakmai tud\u00e1ssal \u00e9s hossz\u00fa \u00e9vek tapasztalat\u00e1val rendelkez\u0151 szakemberek.Ford\u00edt\u00f3irod\u00e1nk munk\u00e1j\u00e1t a legkorszer\u0171bb szoftverek seg\u00edtik, [&hellip;]<\/p>\n","protected":false},"author":1,"featured_media":0,"parent":0,"menu_order":0,"comment_status":"closed","ping_status":"closed","template":"","meta":{"_et_pb_use_builder":"on","_et_pb_old_content":"","_et_gb_content_width":"","footnotes":""},"class_list":["post-145","page","type-page","status-publish","hentry"],"_links":{"self":[{"href":"http:\/\/linguamed.hu\/en\/wp-json\/wp\/v2\/pages\/145","targetHints":{"allow":["GET"]}}],"collection":[{"href":"http:\/\/linguamed.hu\/en\/wp-json\/wp\/v2\/pages"}],"about":[{"href":"http:\/\/linguamed.hu\/en\/wp-json\/wp\/v2\/types\/page"}],"author":[{"embeddable":true,"href":"http:\/\/linguamed.hu\/en\/wp-json\/wp\/v2\/users\/1"}],"replies":[{"embeddable":true,"href":"http:\/\/linguamed.hu\/en\/wp-json\/wp\/v2\/comments?post=145"}],"version-history":[{"count":49,"href":"http:\/\/linguamed.hu\/en\/wp-json\/wp\/v2\/pages\/145\/revisions"}],"predecessor-version":[{"id":608,"href":"http:\/\/linguamed.hu\/en\/wp-json\/wp\/v2\/pages\/145\/revisions\/608"}],"wp:attachment":[{"href":"http:\/\/linguamed.hu\/en\/wp-json\/wp\/v2\/media?parent=145"}],"curies":[{"name":"wp","href":"https:\/\/api.w.org\/{rel}","templated":true}]}}