{"id":106,"date":"2023-04-12T13:10:12","date_gmt":"2023-04-12T13:10:12","guid":{"rendered":"https:\/\/newwebsite.linguamed.hu\/?page_id=106"},"modified":"2024-05-29T11:07:27","modified_gmt":"2024-05-29T11:07:27","slug":"hivatalos-forditas","status":"publish","type":"page","link":"http:\/\/linguamed.hu\/en\/hivatalos-forditas\/","title":{"rendered":"Official translation"},"content":{"rendered":"<p>[et_pb_section fb_built=&#8221;1&#8243; _builder_version=&#8221;4.20.4&#8243; _module_preset=&#8221;default&#8221; global_colors_info=&#8221;{}&#8221;][et_pb_row _builder_version=&#8221;4.20.4&#8243; _module_preset=&#8221;default&#8221; global_colors_info=&#8221;{}&#8221;][et_pb_column type=&#8221;4_4&#8243; _builder_version=&#8221;4.20.4&#8243; _module_preset=&#8221;default&#8221; global_colors_info=&#8221;{}&#8221;][et_pb_text _builder_version=&#8221;4.20.4&#8243; _module_preset=&#8221;default&#8221; global_colors_info=&#8221;{}&#8221;]<\/p>\n<h1 style=\"text-align: center;\">Hivatalos ford\u00edt\u00e1s<\/h1>\n<p>[\/et_pb_text][et_pb_text _builder_version=&#8221;4.20.4&#8243; _module_preset=&#8221;default&#8221; global_colors_info=&#8221;{}&#8221;]<\/p>\n<p><span>Ford\u00edt\u00f3irod\u00e1nk a hat\u00e1lyos magyar jogszab\u00e1lyok \u00e9rtelm\u00e9ben z\u00e1rad\u00e9kkal ell\u00e1tott hivatalos ford\u00edt\u00e1st is k\u00e9sz\u00edthet. Az elk\u00e9sz\u00fclt ford\u00edt\u00e1s minden oldal\u00e1t kinyomtatjuk, leb\u00e9lyegezz\u00fck, majd al\u00e1\u00edrjuk, mell\u00e9 f\u0171zz\u00fck az eredeti forr\u00e1snyelvi dokumentumot (vagy annak m\u00e1solat\u00e1t) v\u00e9g\u00fcl irod\u00e1nk z\u00e1rad\u00e9k\u00e1val l\u00e1tjuk el, amely mind a forr\u00e1s-, mind a c\u00e9lnyelven igazolja, hogy az \u00e1ltalunk k\u00e9sz\u00edtett ford\u00edt\u00e1s form\u00e1j\u00e1t \u00e9s tartalm\u00e1t tekintve is mindenben megegyezik az eredeti forr\u00e1snyelvi sz\u00f6veggel.<\/span><\/p>\n<p><strong>C\u00e9gelj\u00e1r\u00e1shoz sz\u00fcks\u00e9ges dokumentumok hiteles ford\u00edt\u00e1sa<\/strong><\/p>\n<p>C\u00e9gelj\u00e1r\u00e1shoz sz\u00fcks\u00e9ges idegen nyelv\u0171 dokumentumok (pl.: t\u00e1rsas\u00e1gi szerz\u0151d\u00e9s, c\u00e9gkivonat, al\u00e1\u00edr\u00e1si c\u00edmp\u00e9ld\u00e1ny, taggy\u0171l\u00e9si jegyz\u0151k\u00f6nyv) magyar nyelvre t\u00f6rt\u00e9n\u0151 hiteles ford\u00edt\u00e1s\u00e1t is v\u00e1llaljuk, a LinguaMED ford\u00edt\u00f3iroda z\u00e1rad\u00e9k\u00e1val ell\u00e1tott ford\u00edt\u00e1sokat pedig a c\u00e9gb\u00edr\u00f3s\u00e1g is elfogadja<span>\u00a0<\/span><a href=\"http:\/\/net.jogtar.hu\/jr\/gen\/getdoc2.cgi?docid=98600024.MT\" target=\"_blank\" rel=\"noopener\">a szakford\u00edt\u00e1sr\u00f3l \u00e9s tolm\u00e1csol\u00e1sr\u00f3l sz\u00f3l\u00f3 24\/1986. (VI. 26.) MT rendelet<\/a><span>\u00a0<\/span>6\/A \u00a7 \u00e9rtelm\u00e9ben.<\/p>\n<p>[\/et_pb_text][et_pb_button button_text=&#8221;Aj\u00e1nlatot k\u00e9rek hivatalos ford\u00edt\u00e1sra&#8221; button_alignment=&#8221;center&#8221; _builder_version=&#8221;4.20.4&#8243; _module_preset=&#8221;default&#8221; hover_enabled=&#8221;0&#8243; global_colors_info=&#8221;{}&#8221; button_url=&#8221;\/ajanlatkeres\/&#8221; sticky_enabled=&#8221;0&#8243;][\/et_pb_button][\/et_pb_column][\/et_pb_row][et_pb_row _builder_version=&#8221;4.20.4&#8243; _module_preset=&#8221;default&#8221; global_colors_info=&#8221;{}&#8221;][et_pb_column type=&#8221;4_4&#8243; _builder_version=&#8221;4.20.4&#8243; _module_preset=&#8221;default&#8221; global_colors_info=&#8221;{}&#8221;][et_pb_text _builder_version=&#8221;4.20.4&#8243; _module_preset=&#8221;default&#8221; custom_margin=&#8221;||-1px|||&#8221; global_colors_info=&#8221;{}&#8221;]<\/p>\n<p><strong>Peres iratok ford\u00edt\u00e1sa<\/strong><\/p>\n<p>A polg\u00e1ri perrendtart\u00e1sr\u00f3l sz\u00f3l\u00f3<span>\u00a0<\/span><a title=\"2016. \u00e9vi CXXX. t\u00f6rv\u00e9ny\" href=\"https:\/\/net.jogtar.hu\/jogszabaly?docid=A1600130.TV\" target=\"_blank\" rel=\"noopener\">2016. \u00e9vi CXXX. t\u00f6rv\u00e9ny<\/a><span>\u00a0<\/span>\u00e9rtelm\u00e9ben 2018. janu\u00e1r 1-j\u00e9t\u0151l a<span>\u00a0<\/span><strong>polg\u00e1ri peres elj\u00e1r\u00e1sok iratanyag\u00e1nak ford\u00edt\u00e1sa sor\u00e1n<\/strong><span>\u00a0<\/span>hiteles ford\u00edt\u00e1st csak abban az esetben kell alkalmazni, amennyiben a leford\u00edtott sz\u00f6veg helyess\u00e9ge, illetve teljess\u00e9ge tekintet\u00e9ben k\u00e9tely mer\u00fcl fel. A t\u00f6rv\u00e9ny 62. \u00a7-a \u00e9rtelm\u00e9ben teh\u00e1t<span>\u00a0<\/span><strong>egyszer\u0171 ford\u00edt\u00e1s alkalmazhat\u00f3<\/strong>, amennyiben jogszab\u00e1ly, az Eur\u00f3pai Uni\u00f3 k\u00f6telez\u0151 jogi aktusa, illetve nemzetk\u00f6zi egyezm\u00e9ny m\u00e1sk\u00e9pp nem rendelkezik. A gyakorlatban mindez azt jelenti, hogy<span>\u00a0<\/span><strong>a b\u00edr\u00f3s\u00e1gi peres iratok ford\u00edt\u00e1sa<\/strong><span>\u00a0<\/span>nemcsak<span>\u00a0<\/span><strong>k\u00f6lts\u00e9ghat\u00e9konyabb\u00e1<\/strong>, hanem<span>\u00a0<\/span><strong>gyorsabb\u00e1 v\u00e1lik<\/strong>, hiszen a legt\u00f6bb esetben elegend\u0151 lesz egy hiteles\u00edt\u00e9s n\u00e9lk\u00fcli egyszer\u0171 szakford\u00edt\u00e1s.<\/p>\n<p><strong>Hivatalos ford\u00edt\u00e1s k\u00fclf\u00f6ldi munkav\u00e1llal\u00e1shoz<\/strong><\/p>\n<p>A k\u00fclf\u00f6ld\u00f6n munk\u00e1t v\u00e1llal\u00f3 magyarorsz\u00e1gi, illetve n\u00e1lunk munk\u00e1t v\u00e1llal\u00f3 k\u00fclf\u00f6ldi szakemberek sz\u00e1m\u00e1ra<span>\u00a0<\/span><strong>szakmai \u00f6n\u00e9letrajzok,<\/strong>\u00a0<strong>diplom\u00e1k, oklevelek,<span>\u00a0<\/span><\/strong>k\u00fcl\u00f6nb\u00f6z\u0151<strong><span>\u00a0<\/span>hivatalos dokumentumok, szakmai \u00e9s erk\u00f6lcsi bizony\u00edtv\u00e1nyok<\/strong><span>\u00a0<\/span>hivatalos ford\u00edt\u00e1s\u00e1t is v\u00e1llaljuk ak\u00e1r 1-2 munkanapos hat\u00e1rid\u0151vel, kedvez\u0151 \u00e1rakon, s\u00fcrg\u0151ss\u00e9gi fel\u00e1r n\u00e9lk\u00fcl.<\/p>\n<p><strong>Z\u00e1rad\u00e9kolt ford\u00edt\u00e1s vs. k\u00f6zhiteles ford\u00edt\u00e1s<\/strong><\/p>\n<p>Amennyiben egy\u00e9b dokumentumok hiteles ford\u00edt\u00e1s\u00e1ra van sz\u00fcks\u00e9g idegen nyelvr\u0151l magyar vagy magyarr\u00f3l idegen nyelvre, felt\u00e9tlen\u00fcl \u00e9rdemes a felhaszn\u00e1l\u00e1s hely\u00e9n \u00e9rdekl\u0151dni azzal kapcsolatosan, hogy elfogadj\u00e1k-e a z\u00e1rad\u00e9kkal ell\u00e1tott ford\u00edt\u00e1st vagy pedig ragaszkodnak az OFFI (Orsz\u00e1gos Ford\u00edt\u00f3- \u00e9s Ford\u00edt\u00e1shiteles\u00edt\u0151 Iroda) \u00e1ltal k\u00e9sz\u00edtett k\u00f6zhiteles ford\u00edt\u00e1shoz.<\/p>\n<p>Irod\u00e1nk t\u00f6bbek k\u00f6z\u00f6tt az al\u00e1bbi dokumentumok hivatalos ford\u00edt\u00e1s\u00e1t v\u00e1llalja:<\/p>\n<ul>\n<li style=\"list-style-type: none;\">\n<ul>\n<li style=\"list-style-type: none;\">\n<ul>\n<li>orvosi leletek, z\u00e1r\u00f3jelent\u00e9sek<\/li>\n<li>diplom\u00e1k<\/li>\n<li>nyelvvizsga bizony\u00edtv\u00e1nyok<\/li>\n<li>erk\u00f6lcsi bizony\u00edtv\u00e1ny<\/li>\n<li>hat\u00f3s\u00e1gi bizony\u00edtv\u00e1ny<\/li>\n<li>sz\u00fclet\u00e9si, h\u00e1zass\u00e1gi \u00e9s halotti anyak\u00f6nyvi kivonat<\/li>\n<li>c\u00e9gkivonat<\/li>\n<li>al\u00e1\u00edr\u00e1si c\u00edmp\u00e9ld\u00e1ny<\/li>\n<li>t\u00e1rsas\u00e1gi szerz\u0151d\u00e9s<\/li>\n<li>taggy\u0171l\u00e9si jegyz\u0151k\u00f6nyv<\/li>\n<li>hivatalos igazol\u00e1sok<\/li>\n<li>nyilatkozatok<\/li>\n<li>szerz\u0151d\u00e9sek<\/li>\n<li>leckek\u00f6nyv<\/li>\n<\/ul>\n<\/li>\n<\/ul>\n<\/li>\n<\/ul>\n<p>[\/et_pb_text][et_pb_text _builder_version=&#8221;4.20.4&#8243; _module_preset=&#8221;default&#8221; global_colors_info=&#8221;{}&#8221;]<\/p>\n<p><span>K\u00e9rje ingyenes, egyedi \u00e1raj\u00e1nlatunkat hivatalos ford\u00edt\u00e1sra.<\/span><\/p>\n<p>[\/et_pb_text][et_pb_button button_text=&#8221;Aj\u00e1nlatot k\u00e9rek&#8221; button_alignment=&#8221;center&#8221; _builder_version=&#8221;4.20.4&#8243; _module_preset=&#8221;default&#8221; hover_enabled=&#8221;0&#8243; global_colors_info=&#8221;{}&#8221; button_url=&#8221;\/ajanlatkeres\/&#8221; sticky_enabled=&#8221;0&#8243;][\/et_pb_button][\/et_pb_column][\/et_pb_row][\/et_pb_section]<\/p>\n","protected":false},"excerpt":{"rendered":"<p>Hivatalos ford\u00edt\u00e1sFord\u00edt\u00f3irod\u00e1nk a hat\u00e1lyos magyar jogszab\u00e1lyok \u00e9rtelm\u00e9ben z\u00e1rad\u00e9kkal ell\u00e1tott hivatalos ford\u00edt\u00e1st is k\u00e9sz\u00edthet. Az elk\u00e9sz\u00fclt ford\u00edt\u00e1s minden oldal\u00e1t kinyomtatjuk, leb\u00e9lyegezz\u00fck, majd al\u00e1\u00edrjuk, mell\u00e9 f\u0171zz\u00fck az eredeti forr\u00e1snyelvi dokumentumot (vagy annak m\u00e1solat\u00e1t) v\u00e9g\u00fcl irod\u00e1nk z\u00e1rad\u00e9k\u00e1val l\u00e1tjuk el, amely mind a forr\u00e1s-, mind a c\u00e9lnyelven igazolja, hogy az \u00e1ltalunk k\u00e9sz\u00edtett ford\u00edt\u00e1s form\u00e1j\u00e1t \u00e9s tartalm\u00e1t tekintve is mindenben [&hellip;]<\/p>\n","protected":false},"author":1,"featured_media":0,"parent":0,"menu_order":0,"comment_status":"closed","ping_status":"closed","template":"","meta":{"_et_pb_use_builder":"on","_et_pb_old_content":"","_et_gb_content_width":"","footnotes":""},"class_list":["post-106","page","type-page","status-publish","hentry"],"_links":{"self":[{"href":"http:\/\/linguamed.hu\/en\/wp-json\/wp\/v2\/pages\/106","targetHints":{"allow":["GET"]}}],"collection":[{"href":"http:\/\/linguamed.hu\/en\/wp-json\/wp\/v2\/pages"}],"about":[{"href":"http:\/\/linguamed.hu\/en\/wp-json\/wp\/v2\/types\/page"}],"author":[{"embeddable":true,"href":"http:\/\/linguamed.hu\/en\/wp-json\/wp\/v2\/users\/1"}],"replies":[{"embeddable":true,"href":"http:\/\/linguamed.hu\/en\/wp-json\/wp\/v2\/comments?post=106"}],"version-history":[{"count":5,"href":"http:\/\/linguamed.hu\/en\/wp-json\/wp\/v2\/pages\/106\/revisions"}],"predecessor-version":[{"id":471,"href":"http:\/\/linguamed.hu\/en\/wp-json\/wp\/v2\/pages\/106\/revisions\/471"}],"wp:attachment":[{"href":"http:\/\/linguamed.hu\/en\/wp-json\/wp\/v2\/media?parent=106"}],"curies":[{"name":"wp","href":"https:\/\/api.w.org\/{rel}","templated":true}]}}